{"id":8933,"date":"2023-03-15T19:34:42","date_gmt":"2023-03-15T19:34:42","guid":{"rendered":"https:\/\/laorotava.salesianos.edu\/cross\/?page_id=8933"},"modified":"2025-08-25T06:26:59","modified_gmt":"2025-08-25T06:26:59","slug":"privacidad-cross","status":"publish","type":"page","link":"https:\/\/laorotava.salesianos.edu\/cross\/privacidad-cross\/","title":{"rendered":"Privacidad Cross"},"content":{"rendered":"<div id=\"fb-root\"><\/div>\n<p>[et_pb_section fb_built=\u00bb1&#8243; fullwidth=\u00bbon\u00bb _builder_version=\u00bb4.16&#8243; global_colors_info=\u00bb{}\u00bb theme_builder_area=\u00bbpost_content\u00bb][et_pb_fullwidth_header title=\u00bbPrivacidad\u00bb module_class=\u00bbpagina-imagen-cabecera\u00bb _builder_version=\u00bb4.16&#8243; background_color=\u00bbrgba(255, 255, 255, 0)\u00bb background_image=\u00bbhttps:\/\/alicante.salesianos.edu\/wp-content\/uploads\/2017\/05\/encabezado_noticias_casa-min.png\u00bb background_layout=\u00bblight\u00bb global_colors_info=\u00bb{}\u00bb button_one_text_size__hover_enabled=\u00bboff\u00bb button_two_text_size__hover_enabled=\u00bboff\u00bb button_one_text_color__hover_enabled=\u00bboff\u00bb button_two_text_color__hover_enabled=\u00bboff\u00bb button_one_border_width__hover_enabled=\u00bboff\u00bb button_two_border_width__hover_enabled=\u00bboff\u00bb button_one_border_color__hover_enabled=\u00bboff\u00bb button_two_border_color__hover_enabled=\u00bboff\u00bb button_one_border_radius__hover_enabled=\u00bboff\u00bb button_two_border_radius__hover_enabled=\u00bboff\u00bb button_one_letter_spacing__hover_enabled=\u00bboff\u00bb button_two_letter_spacing__hover_enabled=\u00bboff\u00bb button_one_bg_color__hover_enabled=\u00bboff\u00bb button_two_bg_color__hover_enabled=\u00bboff\u00bb theme_builder_area=\u00bbpost_content\u00bb][\/et_pb_fullwidth_header][\/et_pb_section][et_pb_section fb_built=\u00bb1&#8243; _builder_version=\u00bb4.16&#8243; custom_padding=\u00bb0px|0px|54px|0px\u00bb global_colors_info=\u00bb{}\u00bb theme_builder_area=\u00bbpost_content\u00bb][et_pb_row _builder_version=\u00bb4.16&#8243; custom_margin=\u00bb25px|||\u00bb custom_padding=\u00bb25px||27px|\u00bb global_colors_info=\u00bb{}\u00bb theme_builder_area=\u00bbpost_content\u00bb][et_pb_column type=\u00bb4_4&#8243; _builder_version=\u00bb4.16&#8243; background_position=\u00bbtop_left\u00bb custom_padding=\u00bb|||\u00bb global_colors_info=\u00bb{}\u00bb custom_padding__hover=\u00bb|||\u00bb theme_builder_area=\u00bbpost_content\u00bb][et_pb_text _builder_version=\u00bb4.20.2&#8243; text_text_color=\u00bb#e02b20&#8243; hover_enabled=\u00bb0&#8243; global_colors_info=\u00bb{}\u00bb theme_builder_area=\u00bbpost_content\u00bb sticky_enabled=\u00bb0&#8243;]<\/p>\n<h1>Pol\u00edtica de privacidad Cross Mar\u00eda Auxiliadora<\/h1>\n<p>[\/et_pb_text][et_pb_text _builder_version=\u00bb4.20.2&#8243; text_text_color=\u00bb#e02b20&#8243; hover_enabled=\u00bb0&#8243; global_colors_info=\u00bb{}\u00bb theme_builder_area=\u00bbpost_content\u00bb sticky_enabled=\u00bb0&#8243; admin_label=\u00bbPrivacidad Cross\u00bb]<\/p>\n<h1>Pol\u00edtica de privacidad Cross Mar\u00eda Auxiliadora<\/h1>\n<h3><strong>P<\/strong><strong>roceso de inscripci\u00f3n de usuarios y\/o voluntarios en la Carrera Solidaria Mar\u00eda Auxiliadora<\/strong><\/h3>\n<h3><strong>Informaci\u00f3n sobre el tratamiento de datos de car\u00e1cter personal<\/strong><\/h3>\n<p>En este sitio web tenemos la posibilidad de conocer el n\u00famero de visitas recibidas e incluso la actividad de los visitantes a trav\u00e9s de estad\u00edsticas de nuestro proveedor de internet. Pero aclaramos que las cookies que se usan no son destinadas a recoger informaci\u00f3n de los usuarios, ni registra las direcciones IP de acceso. Se usan cookies propias con finalidad t\u00e9cnica para permitir la navegaci\u00f3n a trav\u00e9s de la web y el uso de opciones y servicios<\/p>\n<p>Desde esta web puede tener acceso a enlaces de otros sitios web, cuyas pol\u00edticas de privacidad son ajenas a nosotros. Sera usted quien tendr\u00e1 que decidir si acepta la pol\u00edtica de privacidad y de cookies de estos sitios.<\/p>\n<p>Los datos que podamos recoger a trav\u00e9s de esta web se tratar\u00e1n de forma confidencial y se incorpora a las actividades de tratamiento del responsable.<\/p>\n<div class=\"et_pb_module et_pb_text et_pb_text_1  et_pb_text_align_justified et_pb_bg_layout_light\">\n<h2><strong>\u00bfQui\u00e9n es el Responsable del tratamiento de sus datos?<\/strong><\/h2>\n<p>Colegio Salesiano San Isidro &#8211; La Orotava<\/p>\n<p>Plaza Franchy Alfaro, 5 | CP 38300 | La Orotava<\/p>\n<p>922330100<\/p>\n<p>protecciondatos.laorotava@salesianos.edu<\/p>\n<p><span style=\"color: #333333; font-size: 26px;\">\u00a0<\/span><\/p>\n<\/div>\n<div class=\"et_pb_with_border et_pb_module et_pb_blurb et_pb_blurb_3  et_pb_text_align_left  et_pb_blurb_position_left et_pb_bg_layout_light\">\n<div class=\"et_pb_blurb_content\">\n<div class=\"et_pb_blurb_container\">\n<h2>\u00bfQu\u00e9 tipo de datos recogemos?<\/h2>\n<p>Los datos que se recoger\u00e1n son de car\u00e1cter personal y de contacto de usuarios, voluntarios y padres\/madres\/tutores legales de los menores de edad, tales como: Nombre, apellidos, DNI, fecha de nacimiento, direcci\u00f3n postal, tel\u00e9fono, email, nombre del centro educativo de procedencia o club al que pertenece.<\/p>\n<p>Respecto a su navegaci\u00f3n, el sitio web usa cookies que nos ofrecen h\u00e1bitos y uso de navegaci\u00f3n, pero en ning\u00fan caso facilita datos personales. El an\u00e1lisis de los h\u00e1bitos de navegaci\u00f3n lo usamos para mejorar el servicio que ofrecemos en la p\u00e1gina web.<\/p>\n<p>Puede contactar con nosotros a trav\u00e9s de distintos formularios disponibles en la web, en los que se le solicitar\u00e1n datos vinculados a la consulta realizada.<\/p>\n<p>La actividad de tratamiento de datos audiovisuales que pueda encontrarse en galer\u00edas o ilustrando noticias y eventos, corresponde a participantes en las actividades l\u00fadicas, y deportivas organizadas por el Cross Mar\u00eda Auxiliadora, integrado en la entidad titular INSPECTORIA SALESIANA MARIA AUXILIADORA, que previamente han informado a los interesados de su uso, difusi\u00f3n y cesi\u00f3n- en su caso- a \u00e9ste portal web.<\/p>\n<\/div>\n<div class=\"et_pb_blurb_container\">\u00a0<\/div>\n<div>\n<h2>\u00bfCon qu\u00e9 finalidad se tratan los datos?<\/h2>\n<p>Tratamos sus datos para:<\/p>\n<ul>\n<li>Tramitar y gestionar la inscripci\u00f3n en el Cross Mar\u00eda Auxiliadora.<\/li>\n<li>Env\u00edo de email para confirmar la inscripci\u00f3n.<\/li>\n<li>Gesti\u00f3n econ\u00f3mica, administrativa del\u00a0 evento.<\/li>\n<li>Asignaci\u00f3n n\u00ba dorsal.<\/li>\n<li>Asignaci\u00f3n del dorsal nominativo.<\/li>\n<li>Se tomar\u00e1n im\u00e1genes (fotograf\u00edas, filmaci\u00f3n y grabaci\u00f3n) de\u00a0 los participantes en los eventos, siempre dentro del \u00e1mbito de las actividades llevadas a cabo por Salesianos La Orotava y el Cross Mar\u00eda Auxiliadora.<\/li>\n<li>Publicaci\u00f3n de datos personales de premiados.<\/li>\n<li>Comunicaci\u00f3n con el participante, padre\/madre\/tutor legal para informarles de cualquier incidencia, as\u00ed como informarle de las siguientes carreras y de nuevos programas y actividades que puedan resultar de su inter\u00e9s.<\/li>\n<li>Se conservar\u00e1n durante el tiempo que sea necesario para cumplir con la finalidad para la que se recabaron y para determinar las posibles responsabilidades que se pudieran derivar de dicha finalidad y del tratamiento de los datos.<\/li>\n<li>No se tomar\u00e1n decisiones individuales automatizadas ni se elaborar\u00e1n perfiles.<\/li>\n<\/ul>\n<p>La web puede contar tambi\u00e9n con enlaces a redes sociales como Twitter, YouTube, Facebook e Instagram. Su vinculaci\u00f3n en la p\u00e1gina web de Salesianos La Orotava se hace para promocionar otras fuentes de informaci\u00f3n y conocimiento de la carrera.<\/p>\n<h2>\u00bfPor cu\u00e1nto tiempo conservamos los datos?<\/h2>\n<p>Se conservar\u00e1n durante el tiempo que sea necesario para cumplir con la finalidad para la que se recabaron y para determinar las posibles responsabilidades que se pudieran derivar de dicha finalidad y del tratamiento de los datos.<\/p>\n<h2>\u00bfCu\u00e1l es la legitimaci\u00f3n para el tratamiento de sus datos?<\/h2>\n<p>RGPD Art.6.1.a) Prestaci\u00f3n del consentimiento por el interesado RGPD Art.6.1. b) En virtud de la ejecuci\u00f3n de un contrato.<\/p>\n<h2>\u00bfA qu\u00e9 destinatarios se comunicar\u00e1n sus datos?<\/h2>\n<p>No se ceder\u00e1n datos a terceros salvo obligaci\u00f3n prevista en la normativa, inter\u00e9s leg\u00edtimo o consentimiento previo como las entidades de la congregaci\u00f3n salesiana, integrados en la entidad titular INSPECTORIA SALESIANA MARIA AUXILIADORA y a la empresa GESPORT CANARIAS SL. encargada de tramitar la inscripci\u00f3n en la Carrera Cross Mar\u00eda Auxiliadora, la gesti\u00f3n econ\u00f3mica del evento, asignaci\u00f3n del n\u00ba de dorsal nominativo y recopilaci\u00f3n de tiempos y marcas obtenidas por los participantes.<\/p>\n<h2>\u00bfQu\u00e9 derechos tengo?<\/h2>\n<p>Cualquier persona tiene derecho a obtener informaci\u00f3n sobre los tratamientos que de sus datos se llevan a cabo por esta entidad.<\/p>\n<p>Como usuario de esta p\u00e1gina web tienes derecho a obtener confirmaci\u00f3n sobre si estamos tratando tus datos personales. Podr\u00e1s acceder a tus datos, as\u00ed como solicitar la rectificaci\u00f3n de los mismos en caso de que sean inexactos.<\/p>\n<p>Tambi\u00e9n puedes ejercer tu derecho a suprimir datos cuando estos no sean necesarios para los fines por los que nos fueron facilitados.<\/p>\n<p>Podr\u00e1s, en determinadas circunstancias, solicitar la limitaci\u00f3n del tratamiento de tus datos, es decir que suspendamos su tratamiento, en cuyo caso \u00fanicamente los conservaremos para el ejercicio o la defensa de reclamaciones.<\/p>\n<p>Cuando existan motivos fundados relacionados con tu situaci\u00f3n personal podr\u00e1s ejercer tu derecho de oposici\u00f3n.<\/p>\n<p>Por otro lado tambi\u00e9n podr\u00e1s solicitar la portabilidad de tus datos a otro responsable de tratamiento, lo que haremos, -siempre que la t\u00e9cnica lo permita- en un formato estructurado, de uso com\u00fan y f\u00e1cil lectura mec\u00e1nica.<\/p>\n<p>Puedes contactar tambi\u00e9n para el ejercicio de tus derechos con el Delegado de Protecci\u00f3n de Datos en la direcci\u00f3n\u00a0<a href=\"mailto:protecciondatos.laorotava@salesianos.edu\">protecciondatos.laorotava@salesianos.edu<\/a><\/p>\n<p>Por \u00faltimo recordarte que el ejercicio de estos derechos es gratuito y que en cualquier caso, si consideras que no se ha atendido adecuadamente o se ha vulnerado tu privacidad puedes contactar con la Autoridad de Control en\u00a0<a href=\"http:\/\/www.aepd.es\/\">www.aepd.es<\/a>.<\/p>\n<\/div>\n<\/div>\n<\/div>\n<p>[\/et_pb_text][et_pb_text _builder_version=\u00bb4.16&#8243; hover_enabled=\u00bb0&#8243; global_colors_info=\u00bb{}\u00bb theme_builder_area=\u00bbpost_content\u00bb sticky_enabled=\u00bb0&#8243;]Por medio de este sitio web se podr\u00e1 recoger -v\u00eda formularios- datos de car\u00e1cter personal necesarios para la gesti\u00f3n y mantenimiento de algunos de nuestros servicios.<\/p>\n<p>Salesianos La Orotava cumple con la Ley Org\u00e1nica 15\/1999 de 13 de diciembre de Protecci\u00f3n de Datos de Car\u00e1cter Personal y el Real Decreto 1720\/2007 de 21 de diciembre por el que se aprueba el Reglamento de desarrollo de la L.O. , y dem\u00e1s normativa vigente en cada momento, y vela por garantizar un correcto uso y tratamiento de los datos personales del usuario. Para ello, junto a cada formulario de recogida de datos de car\u00e1cter personal, en los servicios que el usuario pueda solicitar a Salesianos La Orotava, har\u00e1 saber al usuario de la existencia y aceptaci\u00f3n de las condiciones particulares del tratamiento de sus datos en cada caso, inform\u00e1ndole de la responsabilidad del fichero creado, la direcci\u00f3n del responsable, la posibilidad de ejercer sus derechos de acceso, rectificaci\u00f3n, cancelaci\u00f3n u oposici\u00f3n, la finalidad del tratamiento y las comunicaciones de datos a terceros en su caso. Asimismo, CasaSalesianos La Orotava informa que da cumplimiento a la Ley 34\/2002 de 11 de julio, de Servicios de la Sociedad de la Informaci\u00f3n y el Comercio Electr\u00f3nico y le solicitar\u00e1 su consentimiento al tratamiento de su correo electr\u00f3nico con fines comerciales en cada momento.<\/p>\n<p>Dichos datos son incluidos en ficheros, que se encuentran convenientemente inscritos en el Registro de la Agencia de Protecci\u00f3n de Datos. Sin perjuicio de las finalidades que en cada caso se indiquen, dicha informaci\u00f3n ser\u00e1 guardada y gestionada con su debida confidencialidad, aplicando las medidas de seguridad inform\u00e1tica establecidas en la legislaci\u00f3n aplicable para impedir el acceso o uso indebido de sus datos, su manipulaci\u00f3n, deterioro o p\u00e9rdida.<\/p>\n<p>En cualquier momento puede Ud. ejercer sus derechos de acceso, rectificaci\u00f3n o cancelaci\u00f3n en relaci\u00f3n con dichos datos, dirigiendo su solicitud a la direcci\u00f3n Plaza Franchy Alfaro, 5 38300 La Orotava (Santa Cruz de Tenerife), o al correo electr\u00f3nico comunicacion.laorotava@salesianos.edu.<\/p>\n<p>El USUARIO se compromete a respetar los derechos de Propiedad Intelectual e Industrial titularidad deSalesianos La Orotava. Podr\u00e1 visualizar los elementos del portal e incluso imprimirlos, copiarlos y almacenarlos en el disco duro de su ordenador o en cualquier otro soporte f\u00edsico siempre y cuando sea, \u00fanica y exclusivamente, para su uso personal y privado. El USUARIO deber\u00e1 abstenerse de suprimir, alterar, eludir o manipular cualquier dispositivo de protecci\u00f3n o sistema de seguridad que estuviera instalado en el las p\u00e1ginas de Salesianos La Orotava.<\/p>\n<p>Salesianos La Orotava no se hace responsable, en ning\u00fan caso, de los da\u00f1os y perjuicios de cualquier naturaleza que pudieran ocasionar, a t\u00edtulo enunciativo: errores u omisiones en los contenidos, falta de disponibilidad del portal o la transmisi\u00f3n de virus o programas maliciosos o lesivos en los contenidos, a pesar de haber adoptado todas las medidas tecnol\u00f3gicas necesarias para evitarlo. Salesianos La Orotava se reserva el derecho de efectuar sin previo aviso las modificaciones que considere oportunas en su portal, pudiendo cambiar, suprimir o a\u00f1adir tanto los contenidos y servicios que se presten a trav\u00e9s de la misma como la forma en la que \u00e9stos aparezcan presentados o localizados en su portal<\/p>\n<p>En el caso de que en nombre del dominio se dispusiesen <strong>enlaces o hiperv\u00ednculos<\/strong> hac\u00eda otros sitios de Internet, Salesianos La Orotava no ejercer\u00e1 ning\u00fan tipo de control sobre dichos sitios y contenidos. En ning\u00fan caso Salesianos La Orotava asumir\u00e1 responsabilidad alguna por los contenidos de alg\u00fan enlace perteneciente a un sitio web ajeno, ni garantizar\u00e1 la disponibilidad t\u00e9cnica, calidad, fiabilidad, exactitud, amplitud, veracidad, validez y constitucionalidad de cualquier material o informaci\u00f3n contenida en ninguno de dichos hiperv\u00ednculos u otros sitios de Internet. Igualmente la inclusi\u00f3n de estas conexiones externas no implicar\u00e1 ning\u00fan tipo de asociaci\u00f3n, fusi\u00f3n o participaci\u00f3n con las entidades conectadas.<\/p>\n<p>Salesianos La Orotava se reserva el derecho a denegar o retirar el acceso a portal y\/o los servicios ofrecidos sin necesidad de preaviso, a instancia propia o de un tercero, a aquellos usuarios que incumplan las presentes Condiciones Generales de Uso.<\/p>\n<p>Salesianos La Orotava perseguir\u00e1 el incumplimiento de las presentes condiciones as\u00ed como cualquier utilizaci\u00f3n indebida de su portal ejerciendo todas las acciones civiles y penales que le puedan corresponder en derecho.<\/p>\n<p>Salesianos La Orotava podr\u00e1 modificar en cualquier momento las condiciones aqu\u00ed determinadas, siendo debidamente publicadas como aqu\u00ed aparecen. La vigencia de las citadas condiciones ir\u00e1 en funci\u00f3n de su exposici\u00f3n y estar\u00e1n vigentes hasta que sean modificadas por otras debidamente publicadas.<\/p>\n<p>La relaci\u00f3n entre Salesianos La Orotava y el USUARIO se regir\u00e1 por la normativa espa\u00f1ola vigente y cualquier controversia se someter\u00e1 a los Juzgados y tribunales de la ciudad de La Orotava.<br \/>\n[\/et_pb_text][\/et_pb_column][\/et_pb_row][\/et_pb_section]<\/p>\n<!-- AddThis Advanced Settings generic via filter on the_content --><!-- AddThis Share Buttons generic via filter on the_content -->","protected":false},"excerpt":{"rendered":"<p>Pol\u00edtica de privacidad Cross Mar\u00eda AuxiliadoraPol\u00edtica de privacidad Cross Mar\u00eda Auxiliadora Proceso de inscripci\u00f3n de usuarios y\/o voluntarios en la Carrera Solidaria Mar\u00eda Auxiliadora Informaci\u00f3n sobre el tratamiento de datos de car\u00e1cter personal En este sitio web tenemos la posibilidad de conocer el n\u00famero de visitas recibidas e incluso la actividad de los visitantes a [&hellip;]<\/p>\n<p><!-- AddThis Advanced Settings generic via filter on get_the_excerpt --><!-- AddThis Share Buttons generic via filter on get_the_excerpt --><\/p>\n","protected":false},"author":3,"featured_media":0,"parent":0,"menu_order":0,"comment_status":"closed","ping_status":"closed","template":"","meta":{"_et_pb_use_builder":"on","_et_pb_old_content":"","_et_gb_content_width":"","footnotes":""},"class_list":["post-8933","page","type-page","status-publish","hentry"],"yoast_head":"<!-- This site is optimized with the Yoast SEO plugin v27.4 - https:\/\/yoast.com\/product\/yoast-seo-wordpress\/ -->\n<title>Privacidad Cross - Cross Mar\u00eda Auxiliadora<\/title>\n<meta name=\"robots\" content=\"index, follow, max-snippet:-1, max-image-preview:large, max-video-preview:-1\" \/>\n<link rel=\"canonical\" href=\"https:\/\/laorotava.salesianos.edu\/cross\/privacidad-cross\/\" \/>\n<meta property=\"og:locale\" content=\"es_ES\" \/>\n<meta property=\"og:type\" content=\"article\" \/>\n<meta property=\"og:title\" content=\"Privacidad Cross - Cross Mar\u00eda Auxiliadora\" \/>\n<meta property=\"og:description\" content=\"Pol\u00edtica de privacidad Cross Mar\u00eda AuxiliadoraPol\u00edtica de privacidad Cross Mar\u00eda Auxiliadora Proceso de inscripci\u00f3n de usuarios y\/o voluntarios en la Carrera Solidaria Mar\u00eda Auxiliadora Informaci\u00f3n sobre el tratamiento de datos de car\u00e1cter personal En este sitio web tenemos la posibilidad de conocer el n\u00famero de visitas recibidas e incluso la actividad de los visitantes a [&hellip;]\" \/>\n<meta property=\"og:url\" content=\"https:\/\/laorotava.salesianos.edu\/cross\/privacidad-cross\/\" \/>\n<meta property=\"og:site_name\" content=\"Cross Mar\u00eda Auxiliadora\" \/>\n<meta property=\"article:modified_time\" content=\"2025-08-25T06:26:59+00:00\" \/>\n<meta name=\"twitter:card\" content=\"summary_large_image\" \/>\n<script type=\"application\/ld+json\" class=\"yoast-schema-graph\">{\"@context\":\"https:\\\/\\\/schema.org\",\"@graph\":[{\"@type\":\"WebPage\",\"@id\":\"https:\\\/\\\/laorotava.salesianos.edu\\\/cross\\\/privacidad-cross\\\/\",\"url\":\"https:\\\/\\\/laorotava.salesianos.edu\\\/cross\\\/privacidad-cross\\\/\",\"name\":\"Privacidad Cross - Cross Mar\u00eda Auxiliadora\",\"isPartOf\":{\"@id\":\"https:\\\/\\\/laorotava.salesianos.edu\\\/cross\\\/#website\"},\"datePublished\":\"2023-03-15T19:34:42+00:00\",\"dateModified\":\"2025-08-25T06:26:59+00:00\",\"breadcrumb\":{\"@id\":\"https:\\\/\\\/laorotava.salesianos.edu\\\/cross\\\/privacidad-cross\\\/#breadcrumb\"},\"inLanguage\":\"es\",\"potentialAction\":[{\"@type\":\"ReadAction\",\"target\":[\"https:\\\/\\\/laorotava.salesianos.edu\\\/cross\\\/privacidad-cross\\\/\"]}]},{\"@type\":\"BreadcrumbList\",\"@id\":\"https:\\\/\\\/laorotava.salesianos.edu\\\/cross\\\/privacidad-cross\\\/#breadcrumb\",\"itemListElement\":[{\"@type\":\"ListItem\",\"position\":1,\"name\":\"Portada\",\"item\":\"https:\\\/\\\/laorotava.salesianos.edu\\\/cross\\\/\"},{\"@type\":\"ListItem\",\"position\":2,\"name\":\"Privacidad Cross\"}]},{\"@type\":\"WebSite\",\"@id\":\"https:\\\/\\\/laorotava.salesianos.edu\\\/cross\\\/#website\",\"url\":\"https:\\\/\\\/laorotava.salesianos.edu\\\/cross\\\/\",\"name\":\"Cross Mar\u00eda Auxiliadora\",\"description\":\"P\u00e1gina oficial Cross Mar\u00eda Auxiliadora\",\"potentialAction\":[{\"@type\":\"SearchAction\",\"target\":{\"@type\":\"EntryPoint\",\"urlTemplate\":\"https:\\\/\\\/laorotava.salesianos.edu\\\/cross\\\/?s={search_term_string}\"},\"query-input\":{\"@type\":\"PropertyValueSpecification\",\"valueRequired\":true,\"valueName\":\"search_term_string\"}}],\"inLanguage\":\"es\"}]}<\/script>\n<!-- \/ Yoast SEO plugin. -->","yoast_head_json":{"title":"Privacidad Cross - Cross Mar\u00eda Auxiliadora","robots":{"index":"index","follow":"follow","max-snippet":"max-snippet:-1","max-image-preview":"max-image-preview:large","max-video-preview":"max-video-preview:-1"},"canonical":"https:\/\/laorotava.salesianos.edu\/cross\/privacidad-cross\/","og_locale":"es_ES","og_type":"article","og_title":"Privacidad Cross - Cross Mar\u00eda Auxiliadora","og_description":"Pol\u00edtica de privacidad Cross Mar\u00eda AuxiliadoraPol\u00edtica de privacidad Cross Mar\u00eda Auxiliadora Proceso de inscripci\u00f3n de usuarios y\/o voluntarios en la Carrera Solidaria Mar\u00eda Auxiliadora Informaci\u00f3n sobre el tratamiento de datos de car\u00e1cter personal En este sitio web tenemos la posibilidad de conocer el n\u00famero de visitas recibidas e incluso la actividad de los visitantes a [&hellip;]","og_url":"https:\/\/laorotava.salesianos.edu\/cross\/privacidad-cross\/","og_site_name":"Cross Mar\u00eda Auxiliadora","article_modified_time":"2025-08-25T06:26:59+00:00","twitter_card":"summary_large_image","schema":{"@context":"https:\/\/schema.org","@graph":[{"@type":"WebPage","@id":"https:\/\/laorotava.salesianos.edu\/cross\/privacidad-cross\/","url":"https:\/\/laorotava.salesianos.edu\/cross\/privacidad-cross\/","name":"Privacidad Cross - Cross Mar\u00eda Auxiliadora","isPartOf":{"@id":"https:\/\/laorotava.salesianos.edu\/cross\/#website"},"datePublished":"2023-03-15T19:34:42+00:00","dateModified":"2025-08-25T06:26:59+00:00","breadcrumb":{"@id":"https:\/\/laorotava.salesianos.edu\/cross\/privacidad-cross\/#breadcrumb"},"inLanguage":"es","potentialAction":[{"@type":"ReadAction","target":["https:\/\/laorotava.salesianos.edu\/cross\/privacidad-cross\/"]}]},{"@type":"BreadcrumbList","@id":"https:\/\/laorotava.salesianos.edu\/cross\/privacidad-cross\/#breadcrumb","itemListElement":[{"@type":"ListItem","position":1,"name":"Portada","item":"https:\/\/laorotava.salesianos.edu\/cross\/"},{"@type":"ListItem","position":2,"name":"Privacidad Cross"}]},{"@type":"WebSite","@id":"https:\/\/laorotava.salesianos.edu\/cross\/#website","url":"https:\/\/laorotava.salesianos.edu\/cross\/","name":"Cross Mar\u00eda Auxiliadora","description":"P\u00e1gina oficial Cross Mar\u00eda Auxiliadora","potentialAction":[{"@type":"SearchAction","target":{"@type":"EntryPoint","urlTemplate":"https:\/\/laorotava.salesianos.edu\/cross\/?s={search_term_string}"},"query-input":{"@type":"PropertyValueSpecification","valueRequired":true,"valueName":"search_term_string"}}],"inLanguage":"es"}]}},"_links":{"self":[{"href":"https:\/\/laorotava.salesianos.edu\/cross\/wp-json\/wp\/v2\/pages\/8933","targetHints":{"allow":["GET"]}}],"collection":[{"href":"https:\/\/laorotava.salesianos.edu\/cross\/wp-json\/wp\/v2\/pages"}],"about":[{"href":"https:\/\/laorotava.salesianos.edu\/cross\/wp-json\/wp\/v2\/types\/page"}],"author":[{"embeddable":true,"href":"https:\/\/laorotava.salesianos.edu\/cross\/wp-json\/wp\/v2\/users\/3"}],"replies":[{"embeddable":true,"href":"https:\/\/laorotava.salesianos.edu\/cross\/wp-json\/wp\/v2\/comments?post=8933"}],"version-history":[{"count":2,"href":"https:\/\/laorotava.salesianos.edu\/cross\/wp-json\/wp\/v2\/pages\/8933\/revisions"}],"predecessor-version":[{"id":8936,"href":"https:\/\/laorotava.salesianos.edu\/cross\/wp-json\/wp\/v2\/pages\/8933\/revisions\/8936"}],"wp:attachment":[{"href":"https:\/\/laorotava.salesianos.edu\/cross\/wp-json\/wp\/v2\/media?parent=8933"}],"curies":[{"name":"wp","href":"https:\/\/api.w.org\/{rel}","templated":true}]}}