{"id":8348,"date":"2018-04-17T17:42:27","date_gmt":"2018-04-17T17:42:27","guid":{"rendered":"https:\/\/laorotava.salesianos.edu\/cross\/?page_id=8348"},"modified":"2025-08-25T06:26:59","modified_gmt":"2025-08-25T06:26:59","slug":"recorrido","status":"publish","type":"page","link":"https:\/\/laorotava.salesianos.edu\/cross\/recorrido\/","title":{"rendered":"Recorrido"},"content":{"rendered":"<div id=\"fb-root\"><\/div>\n<p>[et_pb_section fb_built=\u00bb1&#8243; fullwidth=\u00bbon\u00bb _builder_version=\u00bb4.16&#8243; global_colors_info=\u00bb{}\u00bb][et_pb_fullwidth_header title=\u00bbRecorrido\u00bb subhead=\u00bbCross Mar\u00eda Auxiliadora\u00bb text_orientation=\u00bbright\u00bb module_class=\u00bbpagina-imagen-cabecera\u00bb _builder_version=\u00bb4.20.2&#8243; title_text_color=\u00bb#ffffff\u00bb title_font_size=\u00bb40px\u00bb subhead_text_color=\u00bb#ffffff\u00bb subhead_font_size=\u00bb20px\u00bb background_color=\u00bbrgba(255, 255, 255, 0)\u00bb background_image=\u00bbhttps:\/\/laorotava.salesianos.edu\/cross\/wp-content\/uploads\/sites\/8\/2019\/04\/cabecera-cross-2.1.jpg\u00bb parallax=\u00bbon\u00bb background_layout=\u00bblight\u00bb max_width_tablet=\u00bb50px\u00bb subhead_text_shadow_style=\u00bbpreset1&#8243; global_colors_info=\u00bb{}\u00bb button_one_text_size__hover_enabled=\u00bboff\u00bb button_one_text_size__hover=\u00bbnull\u00bb button_two_text_size__hover_enabled=\u00bboff\u00bb button_two_text_size__hover=\u00bbnull\u00bb button_one_text_color__hover_enabled=\u00bboff\u00bb button_one_text_color__hover=\u00bbnull\u00bb button_two_text_color__hover_enabled=\u00bboff\u00bb button_two_text_color__hover=\u00bbnull\u00bb button_one_border_width__hover_enabled=\u00bboff\u00bb button_one_border_width__hover=\u00bbnull\u00bb button_two_border_width__hover_enabled=\u00bboff\u00bb button_two_border_width__hover=\u00bbnull\u00bb button_one_border_color__hover_enabled=\u00bboff\u00bb button_one_border_color__hover=\u00bbnull\u00bb button_two_border_color__hover_enabled=\u00bboff\u00bb button_two_border_color__hover=\u00bbnull\u00bb button_one_border_radius__hover_enabled=\u00bboff\u00bb button_one_border_radius__hover=\u00bbnull\u00bb button_two_border_radius__hover_enabled=\u00bboff\u00bb button_two_border_radius__hover=\u00bbnull\u00bb button_one_letter_spacing__hover_enabled=\u00bboff\u00bb button_one_letter_spacing__hover=\u00bbnull\u00bb button_two_letter_spacing__hover_enabled=\u00bboff\u00bb button_two_letter_spacing__hover=\u00bbnull\u00bb button_one_bg_color__hover_enabled=\u00bboff\u00bb button_one_bg_color__hover=\u00bbnull\u00bb button_two_bg_color__hover_enabled=\u00bboff\u00bb button_two_bg_color__hover=\u00bbnull\u00bb][\/et_pb_fullwidth_header][\/et_pb_section][et_pb_section fb_built=\u00bb1&#8243; module_class=\u00bbpagina-seccion-contenido\u00bb _builder_version=\u00bb4.16&#8243; custom_padding=\u00bb-4%|||\u00bb transparent_background=\u00bboff\u00bb global_colors_info=\u00bb{}\u00bb][et_pb_row column_structure=\u00bb1_3,2_3&#8243; admin_label=\u00bbPREGUNTAS FRECUNTES\u00bb _builder_version=\u00bb4.16&#8243; max_width=\u00bb1080px\u00bb custom_margin=\u00bb|||\u00bb custom_padding=\u00bb25px|0px|23.96875px|0px\u00bb global_colors_info=\u00bb{}\u00bb][et_pb_column type=\u00bb1_3&#8243; _builder_version=\u00bb4.16&#8243; custom_padding=\u00bb|||\u00bb global_colors_info=\u00bb{}\u00bb custom_padding__hover=\u00bb|||\u00bb][et_pb_cta _builder_version=\u00bb4.16&#8243; text_orientation=\u00bbjustified\u00bb global_colors_info=\u00bb{}\u00bb button_text_size__hover_enabled=\u00bboff\u00bb button_text_size__hover=\u00bbnull\u00bb button_one_text_size__hover_enabled=\u00bboff\u00bb button_one_text_size__hover=\u00bbnull\u00bb button_two_text_size__hover_enabled=\u00bboff\u00bb button_two_text_size__hover=\u00bbnull\u00bb button_text_color__hover_enabled=\u00bboff\u00bb button_text_color__hover=\u00bbnull\u00bb button_one_text_color__hover_enabled=\u00bboff\u00bb button_one_text_color__hover=\u00bbnull\u00bb button_two_text_color__hover_enabled=\u00bboff\u00bb button_two_text_color__hover=\u00bbnull\u00bb button_border_width__hover_enabled=\u00bboff\u00bb button_border_width__hover=\u00bbnull\u00bb button_one_border_width__hover_enabled=\u00bboff\u00bb button_one_border_width__hover=\u00bbnull\u00bb button_two_border_width__hover_enabled=\u00bboff\u00bb button_two_border_width__hover=\u00bbnull\u00bb button_border_color__hover_enabled=\u00bboff\u00bb button_border_color__hover=\u00bbnull\u00bb button_one_border_color__hover_enabled=\u00bboff\u00bb button_one_border_color__hover=\u00bbnull\u00bb button_two_border_color__hover_enabled=\u00bboff\u00bb button_two_border_color__hover=\u00bbnull\u00bb button_border_radius__hover_enabled=\u00bboff\u00bb button_border_radius__hover=\u00bbnull\u00bb button_one_border_radius__hover_enabled=\u00bboff\u00bb button_one_border_radius__hover=\u00bbnull\u00bb button_two_border_radius__hover_enabled=\u00bboff\u00bb button_two_border_radius__hover=\u00bbnull\u00bb button_letter_spacing__hover_enabled=\u00bboff\u00bb button_letter_spacing__hover=\u00bbnull\u00bb button_one_letter_spacing__hover_enabled=\u00bboff\u00bb button_one_letter_spacing__hover=\u00bbnull\u00bb button_two_letter_spacing__hover_enabled=\u00bboff\u00bb button_two_letter_spacing__hover=\u00bbnull\u00bb button_bg_color__hover_enabled=\u00bboff\u00bb button_bg_color__hover=\u00bbnull\u00bb button_one_bg_color__hover_enabled=\u00bboff\u00bb button_one_bg_color__hover=\u00bbnull\u00bb button_two_bg_color__hover_enabled=\u00bboff\u00bb button_two_bg_color__hover=\u00bbnull\u00bb]<\/p>\n<p class=\"bg-danger\">ATENCI\u00d3N Corredores de la distancia de 10Km: El recorrido de ida de la carrera de los 10 km tiene 3 variantes:<\/p>\n<ol>\n<li>A la llegada al cruce entre la calle viera y la calle C\u00f3logan se entrar\u00e1 en la calle Sabino Berthelot y se continuar\u00e1 hasta el final de la Avenida Iberoamericana hasta el final donde se dar\u00e1 la vuelta para remontar el mismo recorrido hasta la bajada de la marquesa, uni\u00e9ndose con el recorrido habitual de la carrera.<\/li>\n<li>Una peque\u00f1a variante despu\u00e9s del Barranco de Tafuriaste entrando a la derecha (como aparece en el gr\u00e1fico entre los n\u00fameros 5 y 6).<\/li>\n<li>La vuelta se dar\u00e1 en el barranco de la Luz antes de llegar a la carretera general de la Zamora-La Monta\u00f1a, justo donde se da la salida de la carrera de 5 Km.<\/li>\n<\/ol>\n<p>[\/et_pb_cta][\/et_pb_column][et_pb_column type=\u00bb2_3&#8243; _builder_version=\u00bb4.16&#8243; custom_padding=\u00bb|||\u00bb global_colors_info=\u00bb{}\u00bb custom_padding__hover=\u00bb|||\u00bb][et_pb_text _builder_version=\u00bb4.16&#8243; global_colors_info=\u00bb{}\u00bb]<\/p>\n<p>\nAqu\u00ed te presentamos un plano conceptual del recorrido del cross, que se extiende desde el Colegio Salesiano hasta EL BARRANCO DE LA LUZ, antes de entrar en el municipio de Los Realejos.<\/p>\n<p>&nbsp;<\/p>\n<p>[\/et_pb_text][et_pb_image src=\u00bbhttps:\/\/laorotava.salesianos.edu\/cross\/wp-content\/uploads\/sites\/8\/2018\/04\/Captura-de-pantalla-2018-04-17-a-las-18.41.05.png\u00bb align_tablet=\u00bbcenter\u00bb align_phone=\u00bb\u00bb align_last_edited=\u00bbon|desktop\u00bb _builder_version=\u00bb4.16&#8243; global_colors_info=\u00bb{}\u00bb]<\/p>\n<p>\n&nbsp;<\/p>\n<p>[\/et_pb_image][et_pb_text admin_label=\u00bbTexto\u00bb _builder_version=\u00bb4.20.2&#8243; global_colors_info=\u00bb{}\u00bb]<\/p>\n<h3>Descripci\u00f3n del recorrido<\/h3>\n<ol>\n<li>Salida de 10Km y meta de todas las carreras: Puerta del Colegio Salesianos de La Orotava.<\/li>\n<li>Salida y llegada de los 5Km en la Puerta del Colegio Salesianos de La Orotava, el giro tendr\u00e1 lugar en la incorporaci\u00f3n a la carretera de La Luz (entre los puntos 5 y 6 del plano).<\/li>\n<li>Salida de los 3Km.\u00a0 (Zona de la Iglesia de La Luz).<\/li>\n<\/ol>\n<p>[\/et_pb_text][et_pb_text disabled_on=\u00bbon|on|on\u00bb _builder_version=\u00bb4.16&#8243; disabled=\u00bbon\u00bb global_colors_info=\u00bb{}\u00bb]<\/p>\n<h3>Descripci\u00f3n del recorrido<\/h3>\n<ol>\n<li>Salida de 10Km. y meta de todas las carreras: Puerta del Colegio Salesianos.<\/li>\n<li>Salida de los 400m. al principio del a calle Nicandro Gonz\u00e1lez Borges (Desplazamiento caminando)<\/li>\n<li>Salida de los 500m. en la esquina de la Calle Viera &#8211; Tom\u00e1s Zerolo (Desplazamiento caminando)<\/li>\n<li>Salida de 1Km. en La Playita (Desplazamiento Caminando)<\/li>\n<li>Salida de los 2Km. en el Barranco Tafuriaste (Desplazamiento caminando)<\/li>\n<li>Salida de los 3Km. en la Iglesia de La Luz (Desplazamiento en guagua de la organizaci\u00f3n)<\/li>\n<li>Salida de los 5Km. en el Barranco de La Luz (Desplazamiento en guagua de la organizaci\u00f3n)<\/li>\n<\/ol>\n<p>[\/et_pb_text][et_pb_divider _builder_version=\u00bb4.20.4&#8243; _module_preset=\u00bbdefault\u00bb hover_enabled=\u00bb0&#8243; sticky_enabled=\u00bb0&#8243;][\/et_pb_divider][et_pb_text _builder_version=\u00bb4.20.4&#8243; _module_preset=\u00bbdefault\u00bb hover_enabled=\u00bb0&#8243; sticky_enabled=\u00bb0&#8243; admin_label=\u00bbRecorrido 5km\u00bb]<\/p>\n<h1>Recorrido 5km<\/h1>\n<p>[\/et_pb_text][et_pb_video _builder_version=\u00bb4.20.4&#8243; _module_preset=\u00bbdefault\u00bb src=\u00bbhttps:\/\/youtube.com\/shorts\/_RI85qNu1p8?feature=share\u00bb hover_enabled=\u00bb0&#8243; sticky_enabled=\u00bb0&#8243;][\/et_pb_video][\/et_pb_column][\/et_pb_row][et_pb_row column_structure=\u00bb1_4,1_2,1_4&#8243; disabled_on=\u00bboff|off|off\u00bb admin_label=\u00bbPREGUNTAS FRECUNTES\u00bb _builder_version=\u00bb4.16&#8243; max_width=\u00bb1080px\u00bb custom_margin=\u00bb|||\u00bb custom_padding=\u00bb25px|0px|23.96875px|0px\u00bb global_colors_info=\u00bb{}\u00bb][et_pb_column type=\u00bb1_4&#8243; _builder_version=\u00bb4.16&#8243; custom_padding=\u00bb|||\u00bb global_colors_info=\u00bb{}\u00bb custom_padding__hover=\u00bb|||\u00bb][et_pb_text admin_label=\u00bbTexto\u00bb _builder_version=\u00bb4.16&#8243; _module_preset=\u00bbdefault\u00bb global_colors_info=\u00bb{}\u00bb]<\/p>\n<p style=\"text-align: left;\"><span style=\"color: #3366ff;\"><strong>ORGANIZA<\/strong><\/span><\/p>\n<p>[\/et_pb_text][et_pb_image src=\u00bbhttps:\/\/laorotava.salesianos.edu\/cross\/wp-content\/uploads\/sites\/8\/2018\/04\/Logo-Cross-1.png\u00bb title_text=\u00bbLogo Cross Mar\u00eda Auxiliadora\u00bb align_tablet=\u00bbcenter\u00bb align_phone=\u00bb\u00bb align_last_edited=\u00bbon|desktop\u00bb admin_label=\u00bbLOGO COLE\u00bb _builder_version=\u00bb4.16&#8243; box_shadow_style=\u00bbpreset1&#8243; global_colors_info=\u00bb{}\u00bb]<\/p>\n<p>\n&nbsp;<\/p>\n<p>[\/et_pb_image][\/et_pb_column][et_pb_column type=\u00bb1_2&#8243; _builder_version=\u00bb4.16&#8243; custom_padding=\u00bb|||\u00bb global_colors_info=\u00bb{}\u00bb custom_padding__hover=\u00bb|||\u00bb][et_pb_text admin_label=\u00bbTexto\u00bb _builder_version=\u00bb4.16&#8243; _module_preset=\u00bbdefault\u00bb global_colors_info=\u00bb{}\u00bb]<\/p>\n<p style=\"text-align: center;\"><span style=\"color: #3366ff;\"><strong>COLABORA<\/strong><\/span><\/p>\n<p>[\/et_pb_text][et_pb_image src=\u00bbhttps:\/\/laorotava.salesianos.edu\/cross\/wp-content\/uploads\/sites\/8\/2021\/05\/concejalie295a0c3bca-de-deportes-01.png\u00bb title_text=\u00bbconcejalie295a0c3bca-de-deportes-01&#8243; align_tablet=\u00bbcenter\u00bb align_phone=\u00bb\u00bb align_last_edited=\u00bbon|desktop\u00bb admin_label=\u00bbLOGO AYTO. DEPORTES\u00bb _builder_version=\u00bb4.16&#8243; box_shadow_style=\u00bbpreset1&#8243; global_colors_info=\u00bb{}\u00bb]<\/p>\n<p>\n&nbsp;<\/p>\n<p>[\/et_pb_image][\/et_pb_column][et_pb_column type=\u00bb1_4&#8243; _builder_version=\u00bb4.16&#8243; custom_padding=\u00bb|||\u00bb global_colors_info=\u00bb{}\u00bb custom_padding__hover=\u00bb|||\u00bb][et_pb_text admin_label=\u00bbTexto\u00bb _builder_version=\u00bb4.16&#8243; _module_preset=\u00bbdefault\u00bb global_colors_info=\u00bb{}\u00bb]<\/p>\n<p style=\"text-align: right;\"><span style=\"color: #3366ff;\"><strong>ORGANIZA<\/strong><\/span><\/p>\n<p>[\/et_pb_text][et_pb_image src=\u00bbhttps:\/\/laorotava.salesianos.edu\/cross\/wp-content\/uploads\/sites\/8\/2018\/04\/LAOROTAVAobraVN2.jpg\u00bb title_text=\u00bbSalesianos La Orotava\u00bb align_tablet=\u00bbcenter\u00bb align_phone=\u00bb\u00bb align_last_edited=\u00bbon|desktop\u00bb admin_label=\u00bbLOGO COLE\u00bb _builder_version=\u00bb4.16&#8243; box_shadow_style=\u00bbpreset1&#8243; global_colors_info=\u00bb{}\u00bb]<\/p>\n<p>\n&nbsp;<\/p>\n<p>[\/et_pb_image][\/et_pb_column][\/et_pb_row][et_pb_row column_structure=\u00bb1_5,1_5,1_5,1_5,1_5&#8243; disabled_on=\u00bbon|on|on\u00bb admin_label=\u00bbPREGUNTAS FRECUNTES\u00bb _builder_version=\u00bb4.16&#8243; max_width=\u00bb1080px\u00bb custom_margin=\u00bb|||\u00bb custom_padding=\u00bb25px|0px|23.96875px|0px\u00bb disabled=\u00bbon\u00bb global_colors_info=\u00bb{}\u00bb][et_pb_column type=\u00bb1_5&#8243; _builder_version=\u00bb4.16&#8243; custom_padding=\u00bb|||\u00bb global_colors_info=\u00bb{}\u00bb custom_padding__hover=\u00bb|||\u00bb][et_pb_image src=\u00bbhttps:\/\/laorotava.salesianos.edu\/cross\/wp-content\/uploads\/sites\/8\/2019\/04\/AO.jpg\u00bb align_tablet=\u00bbcenter\u00bb align_phone=\u00bb\u00bb align_last_edited=\u00bbon|desktop\u00bb _builder_version=\u00bb4.16&#8243; global_colors_info=\u00bb{}\u00bb]<\/p>\n<p>\n&nbsp;<\/p>\n<p>[\/et_pb_image][et_pb_image src=\u00bbhttps:\/\/laorotava.salesianos.edu\/cross\/wp-content\/uploads\/sites\/8\/2019\/04\/CT.jpg\u00bb align_tablet=\u00bbcenter\u00bb align_phone=\u00bb\u00bb align_last_edited=\u00bbon|desktop\u00bb _builder_version=\u00bb4.16&#8243; global_colors_info=\u00bb{}\u00bb]<\/p>\n<p>\n&nbsp;<\/p>\n<p>[\/et_pb_image][\/et_pb_column][et_pb_column type=\u00bb1_5&#8243; _builder_version=\u00bb4.16&#8243; custom_padding=\u00bb|||\u00bb global_colors_info=\u00bb{}\u00bb custom_padding__hover=\u00bb|||\u00bb][et_pb_image src=\u00bbhttps:\/\/laorotava.salesianos.edu\/cross\/wp-content\/uploads\/sites\/8\/2019\/04\/RO.jpg\u00bb align_tablet=\u00bbcenter\u00bb align_phone=\u00bb\u00bb align_last_edited=\u00bbon|desktop\u00bb _builder_version=\u00bb4.16&#8243; global_colors_info=\u00bb{}\u00bb]<\/p>\n<p>\n&nbsp;<\/p>\n<p>[\/et_pb_image][et_pb_image src=\u00bbhttps:\/\/laorotava.salesianos.edu\/cross\/wp-content\/uploads\/sites\/8\/2019\/04\/MT.jpg\u00bb align_tablet=\u00bbcenter\u00bb align_phone=\u00bb\u00bb align_last_edited=\u00bbon|desktop\u00bb _builder_version=\u00bb4.16&#8243; global_colors_info=\u00bb{}\u00bb]<\/p>\n<p>\n&nbsp;<\/p>\n<p>[\/et_pb_image][\/et_pb_column][et_pb_column type=\u00bb1_5&#8243; _builder_version=\u00bb4.16&#8243; custom_padding=\u00bb|||\u00bb global_colors_info=\u00bb{}\u00bb custom_padding__hover=\u00bb|||\u00bb][et_pb_image src=\u00bbhttps:\/\/laorotava.salesianos.edu\/cross\/wp-content\/uploads\/sites\/8\/2019\/04\/MS.jpg\u00bb align_tablet=\u00bbcenter\u00bb align_phone=\u00bb\u00bb align_last_edited=\u00bbon|desktop\u00bb _builder_version=\u00bb4.16&#8243; global_colors_info=\u00bb{}\u00bb]<\/p>\n<p>\n&nbsp;<\/p>\n<p>[\/et_pb_image][et_pb_image src=\u00bbhttps:\/\/laorotava.salesianos.edu\/cross\/wp-content\/uploads\/sites\/8\/2019\/04\/PM.jpg\u00bb align_tablet=\u00bbcenter\u00bb align_phone=\u00bb\u00bb align_last_edited=\u00bbon|desktop\u00bb _builder_version=\u00bb4.16&#8243; global_colors_info=\u00bb{}\u00bb]<\/p>\n<p>\n&nbsp;<\/p>\n<p>[\/et_pb_image][et_pb_image src=\u00bbhttps:\/\/laorotava.salesianos.edu\/cross\/wp-content\/uploads\/sites\/8\/2019\/04\/AD2.1.jpg\u00bb align_tablet=\u00bbcenter\u00bb align_phone=\u00bb\u00bb align_last_edited=\u00bbon|desktop\u00bb _builder_version=\u00bb4.16&#8243; z_index_tablet=\u00bb500&#8243; global_colors_info=\u00bb{}\u00bb]<\/p>\n<p>\n&nbsp;<\/p>\n<p>[\/et_pb_image][\/et_pb_column][et_pb_column type=\u00bb1_5&#8243; _builder_version=\u00bb4.16&#8243; custom_padding=\u00bb|||\u00bb global_colors_info=\u00bb{}\u00bb custom_padding__hover=\u00bb|||\u00bb][et_pb_image src=\u00bbhttps:\/\/laorotava.salesianos.edu\/cross\/wp-content\/uploads\/sites\/8\/2019\/04\/SC.jpg\u00bb align_tablet=\u00bbcenter\u00bb align_phone=\u00bb\u00bb align_last_edited=\u00bbon|desktop\u00bb _builder_version=\u00bb4.16&#8243; global_colors_info=\u00bb{}\u00bb]<\/p>\n<p>\n&nbsp;<\/p>\n<p>[\/et_pb_image][et_pb_image src=\u00bbhttps:\/\/laorotava.salesianos.edu\/cross\/wp-content\/uploads\/sites\/8\/2019\/04\/MO.jpg\u00bb align_tablet=\u00bbcenter\u00bb align_phone=\u00bb\u00bb align_last_edited=\u00bbon|desktop\u00bb _builder_version=\u00bb4.16&#8243; global_colors_info=\u00bb{}\u00bb]<\/p>\n<p>\n&nbsp;<\/p>\n<p>[\/et_pb_image][et_pb_image src=\u00bbhttps:\/\/laorotava.salesianos.edu\/cross\/wp-content\/uploads\/sites\/8\/2019\/04\/CB.jpg\u00bb align_tablet=\u00bbcenter\u00bb align_phone=\u00bb\u00bb align_last_edited=\u00bbon|desktop\u00bb _builder_version=\u00bb4.16&#8243; global_colors_info=\u00bb{}\u00bb]<\/p>\n<p>\n&nbsp;<\/p>\n<p>[\/et_pb_image][\/et_pb_column][et_pb_column type=\u00bb1_5&#8243; _builder_version=\u00bb4.16&#8243; custom_padding=\u00bb|||\u00bb global_colors_info=\u00bb{}\u00bb custom_padding__hover=\u00bb|||\u00bb][et_pb_image src=\u00bbhttps:\/\/laorotava.salesianos.edu\/cross\/wp-content\/uploads\/sites\/8\/2019\/04\/CL.jpg\u00bb align_tablet=\u00bbcenter\u00bb align_phone=\u00bb\u00bb align_last_edited=\u00bbon|desktop\u00bb _builder_version=\u00bb4.16&#8243; global_colors_info=\u00bb{}\u00bb]<\/p>\n<p>\n&nbsp;<\/p>\n<p>[\/et_pb_image][et_pb_image src=\u00bbhttps:\/\/laorotava.salesianos.edu\/cross\/wp-content\/uploads\/sites\/8\/2019\/04\/FO.jpg\u00bb align_tablet=\u00bbcenter\u00bb align_phone=\u00bb\u00bb align_last_edited=\u00bbon|desktop\u00bb _builder_version=\u00bb4.16&#8243; global_colors_info=\u00bb{}\u00bb]<\/p>\n<p>\n&nbsp;<\/p>\n<p>[\/et_pb_image][et_pb_image src=\u00bbhttps:\/\/laorotava.salesianos.edu\/cross\/wp-content\/uploads\/sites\/8\/2019\/05\/Physio.jpg\u00bb align_tablet=\u00bbcenter\u00bb align_phone=\u00bb\u00bb align_last_edited=\u00bbon|desktop\u00bb _builder_version=\u00bb4.16&#8243; z_index_tablet=\u00bb500&#8243; global_colors_info=\u00bb{}\u00bb]<\/p>\n<p>\n&nbsp;<\/p>\n<p>[\/et_pb_image][\/et_pb_column][\/et_pb_row][\/et_pb_section]<\/p>\n<!-- AddThis Advanced Settings generic via filter on the_content --><!-- AddThis Share Buttons generic via filter on the_content -->","protected":false},"excerpt":{"rendered":"<p>ATENCI\u00d3N Corredores de la distancia de 10Km: El recorrido de ida de la carrera de los 10 km tiene 3 variantes: A la llegada al cruce entre la calle viera y la calle C\u00f3logan se entrar\u00e1 en la calle Sabino Berthelot y se continuar\u00e1 hasta el final de la Avenida Iberoamericana hasta el final donde [&hellip;]<\/p>\n<p><!-- AddThis Advanced Settings generic via filter on get_the_excerpt --><!-- AddThis Share Buttons generic via filter on get_the_excerpt --><\/p>\n","protected":false},"author":3,"featured_media":0,"parent":0,"menu_order":0,"comment_status":"closed","ping_status":"closed","template":"","meta":{"_et_pb_use_builder":"on","_et_pb_old_content":"","_et_gb_content_width":"","footnotes":""},"class_list":["post-8348","page","type-page","status-publish","hentry"],"yoast_head":"<!-- This site is optimized with the Yoast SEO plugin v27.4 - https:\/\/yoast.com\/product\/yoast-seo-wordpress\/ -->\n<title>Recorrido - Cross Mar\u00eda Auxiliadora<\/title>\n<meta name=\"robots\" content=\"index, follow, max-snippet:-1, max-image-preview:large, max-video-preview:-1\" \/>\n<link rel=\"canonical\" href=\"https:\/\/laorotava.salesianos.edu\/cross\/recorrido\/\" \/>\n<meta property=\"og:locale\" content=\"es_ES\" \/>\n<meta property=\"og:type\" content=\"article\" \/>\n<meta property=\"og:title\" content=\"Recorrido - Cross Mar\u00eda Auxiliadora\" \/>\n<meta property=\"og:description\" content=\"ATENCI\u00d3N Corredores de la distancia de 10Km: El recorrido de ida de la carrera de los 10 km tiene 3 variantes: A la llegada al cruce entre la calle viera y la calle C\u00f3logan se entrar\u00e1 en la calle Sabino Berthelot y se continuar\u00e1 hasta el final de la Avenida Iberoamericana hasta el final donde [&hellip;]\" \/>\n<meta property=\"og:url\" content=\"https:\/\/laorotava.salesianos.edu\/cross\/recorrido\/\" \/>\n<meta property=\"og:site_name\" content=\"Cross Mar\u00eda Auxiliadora\" \/>\n<meta property=\"article:modified_time\" content=\"2025-08-25T06:26:59+00:00\" \/>\n<meta name=\"twitter:card\" content=\"summary_large_image\" \/>\n<meta name=\"twitter:label1\" content=\"Tiempo de lectura\" \/>\n\t<meta name=\"twitter:data1\" content=\"4 minutos\" \/>\n<script type=\"application\/ld+json\" class=\"yoast-schema-graph\">{\"@context\":\"https:\\\/\\\/schema.org\",\"@graph\":[{\"@type\":\"WebPage\",\"@id\":\"https:\\\/\\\/laorotava.salesianos.edu\\\/cross\\\/recorrido\\\/\",\"url\":\"https:\\\/\\\/laorotava.salesianos.edu\\\/cross\\\/recorrido\\\/\",\"name\":\"Recorrido - Cross Mar\u00eda Auxiliadora\",\"isPartOf\":{\"@id\":\"https:\\\/\\\/laorotava.salesianos.edu\\\/cross\\\/#website\"},\"datePublished\":\"2018-04-17T17:42:27+00:00\",\"dateModified\":\"2025-08-25T06:26:59+00:00\",\"breadcrumb\":{\"@id\":\"https:\\\/\\\/laorotava.salesianos.edu\\\/cross\\\/recorrido\\\/#breadcrumb\"},\"inLanguage\":\"es\",\"potentialAction\":[{\"@type\":\"ReadAction\",\"target\":[\"https:\\\/\\\/laorotava.salesianos.edu\\\/cross\\\/recorrido\\\/\"]}]},{\"@type\":\"BreadcrumbList\",\"@id\":\"https:\\\/\\\/laorotava.salesianos.edu\\\/cross\\\/recorrido\\\/#breadcrumb\",\"itemListElement\":[{\"@type\":\"ListItem\",\"position\":1,\"name\":\"Portada\",\"item\":\"https:\\\/\\\/laorotava.salesianos.edu\\\/cross\\\/\"},{\"@type\":\"ListItem\",\"position\":2,\"name\":\"Recorrido\"}]},{\"@type\":\"WebSite\",\"@id\":\"https:\\\/\\\/laorotava.salesianos.edu\\\/cross\\\/#website\",\"url\":\"https:\\\/\\\/laorotava.salesianos.edu\\\/cross\\\/\",\"name\":\"Cross Mar\u00eda Auxiliadora\",\"description\":\"P\u00e1gina oficial Cross Mar\u00eda Auxiliadora\",\"potentialAction\":[{\"@type\":\"SearchAction\",\"target\":{\"@type\":\"EntryPoint\",\"urlTemplate\":\"https:\\\/\\\/laorotava.salesianos.edu\\\/cross\\\/?s={search_term_string}\"},\"query-input\":{\"@type\":\"PropertyValueSpecification\",\"valueRequired\":true,\"valueName\":\"search_term_string\"}}],\"inLanguage\":\"es\"}]}<\/script>\n<!-- \/ Yoast SEO plugin. -->","yoast_head_json":{"title":"Recorrido - Cross Mar\u00eda Auxiliadora","robots":{"index":"index","follow":"follow","max-snippet":"max-snippet:-1","max-image-preview":"max-image-preview:large","max-video-preview":"max-video-preview:-1"},"canonical":"https:\/\/laorotava.salesianos.edu\/cross\/recorrido\/","og_locale":"es_ES","og_type":"article","og_title":"Recorrido - Cross Mar\u00eda Auxiliadora","og_description":"ATENCI\u00d3N Corredores de la distancia de 10Km: El recorrido de ida de la carrera de los 10 km tiene 3 variantes: A la llegada al cruce entre la calle viera y la calle C\u00f3logan se entrar\u00e1 en la calle Sabino Berthelot y se continuar\u00e1 hasta el final de la Avenida Iberoamericana hasta el final donde [&hellip;]","og_url":"https:\/\/laorotava.salesianos.edu\/cross\/recorrido\/","og_site_name":"Cross Mar\u00eda Auxiliadora","article_modified_time":"2025-08-25T06:26:59+00:00","twitter_card":"summary_large_image","twitter_misc":{"Tiempo de lectura":"4 minutos"},"schema":{"@context":"https:\/\/schema.org","@graph":[{"@type":"WebPage","@id":"https:\/\/laorotava.salesianos.edu\/cross\/recorrido\/","url":"https:\/\/laorotava.salesianos.edu\/cross\/recorrido\/","name":"Recorrido - Cross Mar\u00eda Auxiliadora","isPartOf":{"@id":"https:\/\/laorotava.salesianos.edu\/cross\/#website"},"datePublished":"2018-04-17T17:42:27+00:00","dateModified":"2025-08-25T06:26:59+00:00","breadcrumb":{"@id":"https:\/\/laorotava.salesianos.edu\/cross\/recorrido\/#breadcrumb"},"inLanguage":"es","potentialAction":[{"@type":"ReadAction","target":["https:\/\/laorotava.salesianos.edu\/cross\/recorrido\/"]}]},{"@type":"BreadcrumbList","@id":"https:\/\/laorotava.salesianos.edu\/cross\/recorrido\/#breadcrumb","itemListElement":[{"@type":"ListItem","position":1,"name":"Portada","item":"https:\/\/laorotava.salesianos.edu\/cross\/"},{"@type":"ListItem","position":2,"name":"Recorrido"}]},{"@type":"WebSite","@id":"https:\/\/laorotava.salesianos.edu\/cross\/#website","url":"https:\/\/laorotava.salesianos.edu\/cross\/","name":"Cross Mar\u00eda Auxiliadora","description":"P\u00e1gina oficial Cross Mar\u00eda Auxiliadora","potentialAction":[{"@type":"SearchAction","target":{"@type":"EntryPoint","urlTemplate":"https:\/\/laorotava.salesianos.edu\/cross\/?s={search_term_string}"},"query-input":{"@type":"PropertyValueSpecification","valueRequired":true,"valueName":"search_term_string"}}],"inLanguage":"es"}]}},"_links":{"self":[{"href":"https:\/\/laorotava.salesianos.edu\/cross\/wp-json\/wp\/v2\/pages\/8348","targetHints":{"allow":["GET"]}}],"collection":[{"href":"https:\/\/laorotava.salesianos.edu\/cross\/wp-json\/wp\/v2\/pages"}],"about":[{"href":"https:\/\/laorotava.salesianos.edu\/cross\/wp-json\/wp\/v2\/types\/page"}],"author":[{"embeddable":true,"href":"https:\/\/laorotava.salesianos.edu\/cross\/wp-json\/wp\/v2\/users\/3"}],"replies":[{"embeddable":true,"href":"https:\/\/laorotava.salesianos.edu\/cross\/wp-json\/wp\/v2\/comments?post=8348"}],"version-history":[{"count":25,"href":"https:\/\/laorotava.salesianos.edu\/cross\/wp-json\/wp\/v2\/pages\/8348\/revisions"}],"predecessor-version":[{"id":8971,"href":"https:\/\/laorotava.salesianos.edu\/cross\/wp-json\/wp\/v2\/pages\/8348\/revisions\/8971"}],"wp:attachment":[{"href":"https:\/\/laorotava.salesianos.edu\/cross\/wp-json\/wp\/v2\/media?parent=8348"}],"curies":[{"name":"wp","href":"https:\/\/api.w.org\/{rel}","templated":true}]}}