{"id":8344,"date":"2018-04-17T17:36:19","date_gmt":"2018-04-17T17:36:19","guid":{"rendered":"https:\/\/laorotava.salesianos.edu\/cross\/?page_id=8344"},"modified":"2026-02-22T13:25:00","modified_gmt":"2026-02-22T13:25:00","slug":"categorias","status":"publish","type":"page","link":"https:\/\/laorotava.salesianos.edu\/cross\/categorias\/","title":{"rendered":"Categor\u00edas"},"content":{"rendered":"<div id=\"fb-root\"><\/div>\n<p>[et_pb_section fb_built=\u00bb1&#8243; fullwidth=\u00bbon\u00bb _builder_version=\u00bb4.16&#8243; global_colors_info=\u00bb{}\u00bb][et_pb_fullwidth_header title=\u00bbCategor\u00edas\u00bb subhead=\u00bbCross Mar\u00eda Auxiliadora\u00bb text_orientation=\u00bbright\u00bb module_class=\u00bbpagina-imagen-cabecera\u00bb _builder_version=\u00bb4.27.4&#8243; title_text_color=\u00bb#ffffff\u00bb title_font_size=\u00bb40px\u00bb subhead_text_color=\u00bb#ffffff\u00bb subhead_font_size=\u00bb20px\u00bb background_color=\u00bbrgba(255, 255, 255, 0)\u00bb use_background_color_gradient=\u00bbon\u00bb background_image=\u00bbhttps:\/\/laorotava.salesianos.edu\/cross\/wp-content\/uploads\/sites\/8\/2019\/04\/cabecera-cross-2.1.jpg\u00bb parallax=\u00bbon\u00bb background_layout=\u00bblight\u00bb max_width_tablet=\u00bb50px\u00bb hover_enabled=\u00bb0&#8243; subhead_text_shadow_style=\u00bbpreset1&#8243; global_colors_info=\u00bb{}\u00bb button_one_text_size__hover_enabled=\u00bboff\u00bb button_one_text_size__hover=\u00bbnull\u00bb button_two_text_size__hover_enabled=\u00bboff\u00bb button_two_text_size__hover=\u00bbnull\u00bb button_one_text_color__hover_enabled=\u00bboff\u00bb button_one_text_color__hover=\u00bbnull\u00bb button_two_text_color__hover_enabled=\u00bboff\u00bb button_two_text_color__hover=\u00bbnull\u00bb button_one_border_width__hover_enabled=\u00bboff\u00bb button_one_border_width__hover=\u00bbnull\u00bb button_two_border_width__hover_enabled=\u00bboff\u00bb button_two_border_width__hover=\u00bbnull\u00bb button_one_border_color__hover_enabled=\u00bboff\u00bb button_one_border_color__hover=\u00bbnull\u00bb button_two_border_color__hover_enabled=\u00bboff\u00bb button_two_border_color__hover=\u00bbnull\u00bb button_one_border_radius__hover_enabled=\u00bboff\u00bb button_one_border_radius__hover=\u00bbnull\u00bb button_two_border_radius__hover_enabled=\u00bboff\u00bb button_two_border_radius__hover=\u00bbnull\u00bb button_one_letter_spacing__hover_enabled=\u00bboff\u00bb button_one_letter_spacing__hover=\u00bbnull\u00bb button_two_letter_spacing__hover_enabled=\u00bboff\u00bb button_two_letter_spacing__hover=\u00bbnull\u00bb button_one_bg_color__hover_enabled=\u00bboff\u00bb button_one_bg_color__hover=\u00bbnull\u00bb button_two_bg_color__hover_enabled=\u00bboff\u00bb button_two_bg_color__hover=\u00bbnull\u00bb sticky_enabled=\u00bb0&#8243;][\/et_pb_fullwidth_header][\/et_pb_section][et_pb_section fb_built=\u00bb1&#8243; module_class=\u00bbpagina-seccion-contenido\u00bb _builder_version=\u00bb4.16&#8243; custom_padding=\u00bb-4%|||\u00bb transparent_background=\u00bboff\u00bb global_colors_info=\u00bb{}\u00bb][et_pb_row disabled_on=\u00bboff|off|off\u00bb admin_label=\u00bbPREGUNTAS FRECUNTES\u00bb _builder_version=\u00bb4.16&#8243; max_width=\u00bb1080px\u00bb custom_margin=\u00bb|||\u00bb custom_padding=\u00bb25px|0px|23.96875px|0px\u00bb global_colors_info=\u00bb{}\u00bb][et_pb_column type=\u00bb4_4&#8243; _builder_version=\u00bb4.16&#8243; custom_padding=\u00bb|||\u00bb global_colors_info=\u00bb{}\u00bb custom_padding__hover=\u00bb|||\u00bb][et_pb_text _builder_version=\u00bb4.27.4&#8243; _module_preset=\u00bbdefault\u00bb hover_enabled=\u00bb0&#8243; global_colors_info=\u00bb{}\u00bb sticky_enabled=\u00bb0&#8243;]<\/p>\n<h2 style=\"text-align: center;\">CATEGOR\u00cdAS CROSS MAR\u00cdA AUXILIADORA<\/h2>\n<h2 style=\"text-align: center;\">LA OROTAVA\u00a0 &#8211; 2026<\/h2>\n<p>[\/et_pb_text][et_pb_image src=\u00bbhttps:\/\/laorotava.salesianos.edu\/cross\/wp-content\/uploads\/sites\/8\/2026\/02\/Categorias-cross-2026.jpg\u00bb title_text=\u00bbCategor\u00edas Cross 2026&#8243; align=\u00bbcenter\u00bb align_tablet=\u00bbcenter\u00bb align_phone=\u00bb\u00bb align_last_edited=\u00bbon|desktop\u00bb _builder_version=\u00bb4.27.4&#8243; hover_enabled=\u00bb0&#8243; box_shadow_style=\u00bbpreset6&#8243; global_colors_info=\u00bb{}\u00bb sticky_enabled=\u00bb0&#8243;][\/et_pb_image][\/et_pb_column][\/et_pb_row][et_pb_row column_structure=\u00bb1_5,1_5,1_5,1_5,1_5&#8243; disabled_on=\u00bboff|off|off\u00bb admin_label=\u00bbPREGUNTAS FRECUNTES\u00bb _builder_version=\u00bb4.16&#8243; max_width=\u00bb1080px\u00bb custom_margin=\u00bb|||\u00bb custom_padding=\u00bb25px|0px|23.96875px|0px\u00bb global_colors_info=\u00bb{}\u00bb][et_pb_column type=\u00bb1_5&#8243; _builder_version=\u00bb4.16&#8243; custom_padding=\u00bb|||\u00bb global_colors_info=\u00bb{}\u00bb custom_padding__hover=\u00bb|||\u00bb][et_pb_image src=\u00bbhttps:\/\/laorotava.salesianos.edu\/cross\/wp-content\/uploads\/sites\/8\/2019\/04\/AO.jpg\u00bb align_tablet=\u00bbcenter\u00bb align_phone=\u00bb\u00bb align_last_edited=\u00bbon|desktop\u00bb admin_label=\u00bbAYUNTAMIENTO\u00bb _builder_version=\u00bb4.16&#8243; global_colors_info=\u00bb{}\u00bb][\/et_pb_image][et_pb_image src=\u00bbhttps:\/\/laorotava.salesianos.edu\/cross\/wp-content\/uploads\/sites\/8\/2019\/04\/CT.jpg\u00bb align_tablet=\u00bbcenter\u00bb align_phone=\u00bb\u00bb align_last_edited=\u00bbon|desktop\u00bb admin_label=\u00bbCabildo\u00bb _builder_version=\u00bb4.16&#8243; global_colors_info=\u00bb{}\u00bb][\/et_pb_image][\/et_pb_column][et_pb_column type=\u00bb1_5&#8243; _builder_version=\u00bb4.16&#8243; custom_padding=\u00bb|||\u00bb global_colors_info=\u00bb{}\u00bb custom_padding__hover=\u00bb|||\u00bb][et_pb_image src=\u00bbhttps:\/\/laorotava.salesianos.edu\/cross\/wp-content\/uploads\/sites\/8\/2019\/04\/CL.jpg\u00bb align_tablet=\u00bbcenter\u00bb align_phone=\u00bb\u00bb align_last_edited=\u00bbon|desktop\u00bb admin_label=\u00bbCepsa\u00bb _builder_version=\u00bb4.16&#8243; global_colors_info=\u00bb{}\u00bb][\/et_pb_image][et_pb_image src=\u00bbhttps:\/\/laorotava.salesianos.edu\/cross\/wp-content\/uploads\/sites\/8\/2019\/04\/FO.jpg\u00bb align_tablet=\u00bbcenter\u00bb align_phone=\u00bb\u00bb align_last_edited=\u00bbon|desktop\u00bb admin_label=\u00bbFonteide\u00bb _builder_version=\u00bb4.16&#8243; global_colors_info=\u00bb{}\u00bb][\/et_pb_image][et_pb_image src=\u00bbhttps:\/\/laorotava.salesianos.edu\/cross\/wp-content\/uploads\/sites\/8\/2023\/03\/Hospital-QuironSalud-Vida.png\u00bb title_text=\u00bbHospital Quiro\u0301nSalud Vida\u00bb align_tablet=\u00bbcenter\u00bb align_phone=\u00bb\u00bb align_last_edited=\u00bbon|desktop\u00bb admin_label=\u00bbQuir\u00f3n\u00bb _builder_version=\u00bb4.20.2&#8243; global_colors_info=\u00bb{}\u00bb][\/et_pb_image][\/et_pb_column][et_pb_column type=\u00bb1_5&#8243; _builder_version=\u00bb4.16&#8243; custom_padding=\u00bb|||\u00bb global_colors_info=\u00bb{}\u00bb custom_padding__hover=\u00bb|||\u00bb][et_pb_image src=\u00bbhttps:\/\/laorotava.salesianos.edu\/cross\/wp-content\/uploads\/sites\/8\/2019\/04\/RO.jpg\u00bb align_tablet=\u00bbcenter\u00bb align_phone=\u00bb\u00bb align_last_edited=\u00bbon|desktop\u00bb admin_label=\u00bbRosalesa\u00bb _builder_version=\u00bb4.16&#8243; global_colors_info=\u00bb{}\u00bb][\/et_pb_image][et_pb_image src=\u00bbhttps:\/\/laorotava.salesianos.edu\/cross\/wp-content\/uploads\/sites\/8\/2025\/04\/1.jpg\u00bb title_text=\u00bb\u00c1ridos del Valle\u00bb align_tablet=\u00bbcenter\u00bb align_phone=\u00bb\u00bb align_last_edited=\u00bbon|desktop\u00bb admin_label=\u00bbRosalesa\u00bb _builder_version=\u00bb4.27.4&#8243; global_colors_info=\u00bb{}\u00bb][\/et_pb_image][et_pb_image src=\u00bbhttps:\/\/laorotava.salesianos.edu\/cross\/wp-content\/uploads\/sites\/8\/2025\/05\/Diseno-sin-titulo.png\u00bb title_text=\u00bbARC publicidad\u00bb align_tablet=\u00bbcenter\u00bb align_phone=\u00bb\u00bb align_last_edited=\u00bbon|desktop\u00bb admin_label=\u00bbRosalesa\u00bb _builder_version=\u00bb4.27.4&#8243; global_colors_info=\u00bb{}\u00bb][\/et_pb_image][\/et_pb_column][et_pb_column type=\u00bb1_5&#8243; _builder_version=\u00bb4.16&#8243; custom_padding=\u00bb|||\u00bb global_colors_info=\u00bb{}\u00bb custom_padding__hover=\u00bb|||\u00bb][et_pb_image src=\u00bbhttps:\/\/laorotava.salesianos.edu\/cross\/wp-content\/uploads\/sites\/8\/2019\/04\/MO.jpg\u00bb align_tablet=\u00bbcenter\u00bb align_phone=\u00bb\u00bb align_last_edited=\u00bbon|desktop\u00bb admin_label=\u00bbMulti\u00f3pticas\u00bb _builder_version=\u00bb4.16&#8243; global_colors_info=\u00bb{}\u00bb][\/et_pb_image][et_pb_image src=\u00bbhttps:\/\/laorotava.salesianos.edu\/cross\/wp-content\/uploads\/sites\/8\/2022\/04\/CocaCola.png\u00bb title_text=\u00bbCocaCola\u00bb align_tablet=\u00bbcenter\u00bb align_phone=\u00bb\u00bb align_last_edited=\u00bbon|desktop\u00bb admin_label=\u00bbCoca Cola\u00bb _builder_version=\u00bb4.20.2&#8243; global_colors_info=\u00bb{}\u00bb][\/et_pb_image][et_pb_image src=\u00bbhttps:\/\/laorotava.salesianos.edu\/cross\/wp-content\/uploads\/sites\/8\/2025\/05\/Diseno-sin-titulo-1.png\u00bb title_text=\u00bbAnrober\u00bb align_tablet=\u00bbcenter\u00bb align_phone=\u00bb\u00bb align_last_edited=\u00bbon|desktop\u00bb disabled_on=\u00bboff|off|off\u00bb admin_label=\u00bbLa Fast\u00bb _builder_version=\u00bb4.27.4&#8243; z_index_tablet=\u00bb500&#8243; global_colors_info=\u00bb{}\u00bb][\/et_pb_image][\/et_pb_column][et_pb_column type=\u00bb1_5&#8243; _builder_version=\u00bb4.16&#8243; custom_padding=\u00bb|||\u00bb global_colors_info=\u00bb{}\u00bb custom_padding__hover=\u00bb|||\u00bb][et_pb_image src=\u00bbhttps:\/\/laorotava.salesianos.edu\/cross\/wp-content\/uploads\/sites\/8\/2023\/05\/LOGOS-WEB-CROSS.png\u00bb title_text=\u00bbSantana\u00bb align_tablet=\u00bbcenter\u00bb align_phone=\u00bb\u00bb align_last_edited=\u00bbon|desktop\u00bb admin_label=\u00bbSantana\u00bb _builder_version=\u00bb4.27.4&#8243; global_colors_info=\u00bb{}\u00bb][\/et_pb_image][et_pb_image src=\u00bbhttps:\/\/laorotava.salesianos.edu\/cross\/wp-content\/uploads\/sites\/8\/2022\/04\/Divertour.png\u00bb title_text=\u00bbDivertour\u00bb url=\u00bbhttps:\/\/www.viajesdivertour.es\/\u00bb align_tablet=\u00bbcenter\u00bb align_phone=\u00bb\u00bb align_last_edited=\u00bbon|desktop\u00bb disabled_on=\u00bboff|off|off\u00bb admin_label=\u00bbViajes Divertour\u00bb _builder_version=\u00bb4.20.2&#8243; z_index_tablet=\u00bb500&#8243; global_colors_info=\u00bb{}\u00bb][\/et_pb_image][\/et_pb_column][\/et_pb_row][\/et_pb_section]<\/p>\n<!-- AddThis Advanced Settings generic via filter on the_content --><!-- AddThis Share Buttons generic via filter on the_content -->","protected":false},"excerpt":{"rendered":"<p>CATEGOR\u00cdAS CROSS MAR\u00cdA AUXILIADORA LA OROTAVA\u00a0 &#8211; 2026<\/p>\n<p><!-- AddThis Advanced Settings generic via filter on get_the_excerpt --><!-- AddThis Share Buttons generic via filter on get_the_excerpt --><\/p>\n","protected":false},"author":3,"featured_media":0,"parent":0,"menu_order":0,"comment_status":"closed","ping_status":"closed","template":"","meta":{"_et_pb_use_builder":"on","_et_pb_old_content":"","_et_gb_content_width":"","footnotes":""},"class_list":["post-8344","page","type-page","status-publish","hentry"],"yoast_head":"<!-- This site is optimized with the Yoast SEO plugin v27.3 - https:\/\/yoast.com\/product\/yoast-seo-wordpress\/ -->\n<title>Categor\u00edas - Cross Mar\u00eda Auxiliadora<\/title>\n<meta name=\"robots\" content=\"index, follow, max-snippet:-1, max-image-preview:large, max-video-preview:-1\" \/>\n<link rel=\"canonical\" href=\"https:\/\/laorotava.salesianos.edu\/cross\/categorias\/\" \/>\n<meta property=\"og:locale\" content=\"es_ES\" \/>\n<meta property=\"og:type\" content=\"article\" \/>\n<meta property=\"og:title\" content=\"Categor\u00edas - Cross Mar\u00eda Auxiliadora\" \/>\n<meta property=\"og:description\" content=\"CATEGOR\u00cdAS CROSS MAR\u00cdA AUXILIADORA LA OROTAVA\u00a0 - 2026\" \/>\n<meta property=\"og:url\" content=\"https:\/\/laorotava.salesianos.edu\/cross\/categorias\/\" \/>\n<meta property=\"og:site_name\" content=\"Cross Mar\u00eda Auxiliadora\" \/>\n<meta property=\"article:modified_time\" content=\"2026-02-22T13:25:00+00:00\" \/>\n<meta name=\"twitter:card\" content=\"summary_large_image\" \/>\n<meta name=\"twitter:label1\" content=\"Tiempo de lectura\" \/>\n\t<meta name=\"twitter:data1\" content=\"3 minutos\" \/>\n<script type=\"application\/ld+json\" class=\"yoast-schema-graph\">{\"@context\":\"https:\\\/\\\/schema.org\",\"@graph\":[{\"@type\":\"WebPage\",\"@id\":\"https:\\\/\\\/laorotava.salesianos.edu\\\/cross\\\/categorias\\\/\",\"url\":\"https:\\\/\\\/laorotava.salesianos.edu\\\/cross\\\/categorias\\\/\",\"name\":\"Categor\u00edas - Cross Mar\u00eda Auxiliadora\",\"isPartOf\":{\"@id\":\"https:\\\/\\\/laorotava.salesianos.edu\\\/cross\\\/#website\"},\"datePublished\":\"2018-04-17T17:36:19+00:00\",\"dateModified\":\"2026-02-22T13:25:00+00:00\",\"breadcrumb\":{\"@id\":\"https:\\\/\\\/laorotava.salesianos.edu\\\/cross\\\/categorias\\\/#breadcrumb\"},\"inLanguage\":\"es\",\"potentialAction\":[{\"@type\":\"ReadAction\",\"target\":[\"https:\\\/\\\/laorotava.salesianos.edu\\\/cross\\\/categorias\\\/\"]}]},{\"@type\":\"BreadcrumbList\",\"@id\":\"https:\\\/\\\/laorotava.salesianos.edu\\\/cross\\\/categorias\\\/#breadcrumb\",\"itemListElement\":[{\"@type\":\"ListItem\",\"position\":1,\"name\":\"Portada\",\"item\":\"https:\\\/\\\/laorotava.salesianos.edu\\\/cross\\\/\"},{\"@type\":\"ListItem\",\"position\":2,\"name\":\"Categor\u00edas\"}]},{\"@type\":\"WebSite\",\"@id\":\"https:\\\/\\\/laorotava.salesianos.edu\\\/cross\\\/#website\",\"url\":\"https:\\\/\\\/laorotava.salesianos.edu\\\/cross\\\/\",\"name\":\"Cross Mar\u00eda Auxiliadora\",\"description\":\"P\u00e1gina oficial Cross Mar\u00eda Auxiliadora\",\"potentialAction\":[{\"@type\":\"SearchAction\",\"target\":{\"@type\":\"EntryPoint\",\"urlTemplate\":\"https:\\\/\\\/laorotava.salesianos.edu\\\/cross\\\/?s={search_term_string}\"},\"query-input\":{\"@type\":\"PropertyValueSpecification\",\"valueRequired\":true,\"valueName\":\"search_term_string\"}}],\"inLanguage\":\"es\"}]}<\/script>\n<!-- \/ Yoast SEO plugin. -->","yoast_head_json":{"title":"Categor\u00edas - Cross Mar\u00eda Auxiliadora","robots":{"index":"index","follow":"follow","max-snippet":"max-snippet:-1","max-image-preview":"max-image-preview:large","max-video-preview":"max-video-preview:-1"},"canonical":"https:\/\/laorotava.salesianos.edu\/cross\/categorias\/","og_locale":"es_ES","og_type":"article","og_title":"Categor\u00edas - Cross Mar\u00eda Auxiliadora","og_description":"CATEGOR\u00cdAS CROSS MAR\u00cdA AUXILIADORA LA OROTAVA\u00a0 - 2026","og_url":"https:\/\/laorotava.salesianos.edu\/cross\/categorias\/","og_site_name":"Cross Mar\u00eda Auxiliadora","article_modified_time":"2026-02-22T13:25:00+00:00","twitter_card":"summary_large_image","twitter_misc":{"Tiempo de lectura":"3 minutos"},"schema":{"@context":"https:\/\/schema.org","@graph":[{"@type":"WebPage","@id":"https:\/\/laorotava.salesianos.edu\/cross\/categorias\/","url":"https:\/\/laorotava.salesianos.edu\/cross\/categorias\/","name":"Categor\u00edas - Cross Mar\u00eda Auxiliadora","isPartOf":{"@id":"https:\/\/laorotava.salesianos.edu\/cross\/#website"},"datePublished":"2018-04-17T17:36:19+00:00","dateModified":"2026-02-22T13:25:00+00:00","breadcrumb":{"@id":"https:\/\/laorotava.salesianos.edu\/cross\/categorias\/#breadcrumb"},"inLanguage":"es","potentialAction":[{"@type":"ReadAction","target":["https:\/\/laorotava.salesianos.edu\/cross\/categorias\/"]}]},{"@type":"BreadcrumbList","@id":"https:\/\/laorotava.salesianos.edu\/cross\/categorias\/#breadcrumb","itemListElement":[{"@type":"ListItem","position":1,"name":"Portada","item":"https:\/\/laorotava.salesianos.edu\/cross\/"},{"@type":"ListItem","position":2,"name":"Categor\u00edas"}]},{"@type":"WebSite","@id":"https:\/\/laorotava.salesianos.edu\/cross\/#website","url":"https:\/\/laorotava.salesianos.edu\/cross\/","name":"Cross Mar\u00eda Auxiliadora","description":"P\u00e1gina oficial Cross Mar\u00eda Auxiliadora","potentialAction":[{"@type":"SearchAction","target":{"@type":"EntryPoint","urlTemplate":"https:\/\/laorotava.salesianos.edu\/cross\/?s={search_term_string}"},"query-input":{"@type":"PropertyValueSpecification","valueRequired":true,"valueName":"search_term_string"}}],"inLanguage":"es"}]}},"_links":{"self":[{"href":"https:\/\/laorotava.salesianos.edu\/cross\/wp-json\/wp\/v2\/pages\/8344","targetHints":{"allow":["GET"]}}],"collection":[{"href":"https:\/\/laorotava.salesianos.edu\/cross\/wp-json\/wp\/v2\/pages"}],"about":[{"href":"https:\/\/laorotava.salesianos.edu\/cross\/wp-json\/wp\/v2\/types\/page"}],"author":[{"embeddable":true,"href":"https:\/\/laorotava.salesianos.edu\/cross\/wp-json\/wp\/v2\/users\/3"}],"replies":[{"embeddable":true,"href":"https:\/\/laorotava.salesianos.edu\/cross\/wp-json\/wp\/v2\/comments?post=8344"}],"version-history":[{"count":30,"href":"https:\/\/laorotava.salesianos.edu\/cross\/wp-json\/wp\/v2\/pages\/8344\/revisions"}],"predecessor-version":[{"id":9125,"href":"https:\/\/laorotava.salesianos.edu\/cross\/wp-json\/wp\/v2\/pages\/8344\/revisions\/9125"}],"wp:attachment":[{"href":"https:\/\/laorotava.salesianos.edu\/cross\/wp-json\/wp\/v2\/media?parent=8344"}],"curies":[{"name":"wp","href":"https:\/\/api.w.org\/{rel}","templated":true}]}}