{"id":9488,"date":"2022-03-15T11:53:41","date_gmt":"2022-03-15T11:53:41","guid":{"rendered":"https:\/\/laorotava.salesianos.edu\/colegio\/?page_id=9488"},"modified":"2026-03-16T16:25:07","modified_gmt":"2026-03-16T16:25:07","slug":"mision-vision-valores","status":"publish","type":"page","link":"https:\/\/laorotava.salesianos.edu\/colegio\/mision-vision-valores\/","title":{"rendered":"Misi\u00f3n &#8211; Visi\u00f3n &#8211; Valores"},"content":{"rendered":"<div id=\"fb-root\"><\/div>\n<p>[et_pb_section fb_built=\u00bb1&#8243; fullwidth=\u00bbon\u00bb _builder_version=\u00bb4.16&#8243; global_colors_info=\u00bb{}\u00bb][et_pb_fullwidth_header title=\u00bbMisi\u00f3n &#8211; Visi\u00f3n &#8211; Valores\u00bb title_font_color=\u00bb#ffffff\u00bb module_class=\u00bbpagina-imagen-cabecera\u00bb _builder_version=\u00bb4.16&#8243; title_text_color=\u00bb#ffffff\u00bb title_font_size=\u00bb40px\u00bb background_color=\u00bbrgba(255, 255, 255, 0)\u00bb background_image=\u00bbhttp:\/\/1.bp.blogspot.com\/-03AjglOKuw8\/UxaVaAlhpaI\/AAAAAAAAACo\/zFg4HsCUjMo\/s1600\/2014012805.jpg\u00bb background_layout=\u00bblight\u00bb background_url=\u00bbhttp:\/\/webpiloto.salesianos.edu\/wp-content\/uploads\/2017\/02\/ImagenPAGINA01.png\u00bb global_colors_info=\u00bb{}\u00bb button_one_text_size__hover_enabled=\u00bboff\u00bb button_two_text_size__hover_enabled=\u00bboff\u00bb button_one_text_color__hover_enabled=\u00bboff\u00bb button_two_text_color__hover_enabled=\u00bboff\u00bb button_one_border_width__hover_enabled=\u00bboff\u00bb button_two_border_width__hover_enabled=\u00bboff\u00bb button_one_border_color__hover_enabled=\u00bboff\u00bb button_two_border_color__hover_enabled=\u00bboff\u00bb button_one_border_radius__hover_enabled=\u00bboff\u00bb button_two_border_radius__hover_enabled=\u00bboff\u00bb button_one_letter_spacing__hover_enabled=\u00bboff\u00bb button_two_letter_spacing__hover_enabled=\u00bboff\u00bb button_one_bg_color__hover_enabled=\u00bboff\u00bb button_two_bg_color__hover_enabled=\u00bboff\u00bb][\/et_pb_fullwidth_header][\/et_pb_section][et_pb_section fb_built=\u00bb1&#8243; module_class=\u00bbpagina-seccion-contenido\u00bb _builder_version=\u00bb4.16&#8243; custom_padding=\u00bb-4%|||\u00bb transparent_background=\u00bboff\u00bb make_fullwidth=\u00bboff\u00bb use_custom_width=\u00bboff\u00bb width_unit=\u00bbon\u00bb global_colors_info=\u00bb{}\u00bb][et_pb_row module_class=\u00bbpagina-texto\u00bb _builder_version=\u00bb4.16&#8243; background_size=\u00bbinitial\u00bb background_position=\u00bbtop_left\u00bb background_repeat=\u00bbrepeat\u00bb make_fullwidth=\u00bboff\u00bb use_custom_width=\u00bboff\u00bb width_unit=\u00bbon\u00bb global_colors_info=\u00bb{}\u00bb][et_pb_column type=\u00bb4_4&#8243; _builder_version=\u00bb4.16&#8243; custom_padding=\u00bb|||\u00bb global_colors_info=\u00bb{}\u00bb custom_padding__hover=\u00bb|||\u00bb][et_pb_text _builder_version=\u00bb4.27.4&#8243; _module_preset=\u00bbdefault\u00bb hover_enabled=\u00bb0&#8243; sticky_enabled=\u00bb0&#8243;]<\/p>\n<h1>\u00bfQui\u00e9nes somos los salesianos?<\/h1>\n<p><strong>Los Salesianos de Don Bosco (SDB)<\/strong>\u00a0somos una congregaci\u00f3n religiosa perteneciente a la Iglesia Cat\u00f3lica y fundada por San Juan Bosco el 18 de diciembre de 1859, en Tur\u00edn. Nuestro nombre oficial es\u00a0<strong>\u201cSociedad de San Francisco de Sales<\/strong>\u201d, en referencia al santo que nuestro fundador eligi\u00f3 como modelo por su amabilidad y fuerza evangelizadora. Com\u00fanmente se nos conoce por \u201cSalesianos de Don Bosco\u201d o simplemente \u201cSalesianos\u201d.\u00a0<\/p>\n<p>Nuestra Congregaci\u00f3n est\u00e1 formada por salesianos sacerdotes y salesianos laicos o coadjutores.\u00a0<strong>Nuestro proyecto apost\u00f3lico, heredado de Don Bosco, se basa en ser signos y portadores del amor de Dios a los j\u00f3venes, especialmente a los m\u00e1s pobres<\/strong>.<\/p>\n<p>Los j\u00f3venes representan el primer y m\u00e1s privilegiado horizonte de nuestro trabajo apost\u00f3lico. Las actividades que los Salesianos llevamos adelante en el mundo est\u00e1n organizadas en tres sectores: la\u00a0<strong>educaci\u00f3n<\/strong>, las\u00a0<strong>misiones<\/strong>\u00a0y la\u00a0<strong>comunicaci\u00f3n social<\/strong>.\u00a0<\/p>\n<p>[\/et_pb_text][\/et_pb_column][\/et_pb_row][et_pb_row column_structure=\u00bb1_3,1_3,1_3&#8243; _builder_version=\u00bb4.16&#8243; custom_padding=\u00bb23px|0px|25.890625px|0px\u00bb global_colors_info=\u00bb{}\u00bb][et_pb_column type=\u00bb1_3&#8243; _builder_version=\u00bb4.16&#8243; custom_padding=\u00bb|||\u00bb global_colors_info=\u00bb{}\u00bb custom_padding__hover=\u00bb|||\u00bb][et_pb_cta title=\u00bbMISI\u00d3N\u00bb admin_label=\u00bbMISI\u00d3N\u00bb _builder_version=\u00bb4.16&#8243; header_font=\u00bbAmatic SC||||\u00bb header_font_size=\u00bb65px\u00bb background_color=\u00bbrgba(220,0,27,0)\u00bb use_background_color_gradient=\u00bbon\u00bb background_color_gradient_stops=\u00bb#2b87da 0%|#24b4bf 100%\u00bb background_color_gradient_end=\u00bb#24b4bf\u00bb background_image=\u00bbhttps:\/\/alicante.salesianos.edu\/colegio\/wp-content\/uploads\/sites\/2\/2017\/07\/quimica-papel-y-tinta-que-causa-el-olor-a-libro-viejo-o-nuevo.jpg\u00bb background_blend=\u00bbsoft-light\u00bb global_colors_info=\u00bb{}\u00bb button_text_size__hover_enabled=\u00bboff\u00bb button_one_text_size__hover_enabled=\u00bboff\u00bb button_two_text_size__hover_enabled=\u00bboff\u00bb button_text_color__hover_enabled=\u00bboff\u00bb button_one_text_color__hover_enabled=\u00bboff\u00bb button_two_text_color__hover_enabled=\u00bboff\u00bb button_border_width__hover_enabled=\u00bboff\u00bb button_one_border_width__hover_enabled=\u00bboff\u00bb button_two_border_width__hover_enabled=\u00bboff\u00bb button_border_color__hover_enabled=\u00bboff\u00bb button_one_border_color__hover_enabled=\u00bboff\u00bb button_two_border_color__hover_enabled=\u00bboff\u00bb button_border_radius__hover_enabled=\u00bboff\u00bb button_one_border_radius__hover_enabled=\u00bboff\u00bb button_two_border_radius__hover_enabled=\u00bboff\u00bb button_letter_spacing__hover_enabled=\u00bboff\u00bb button_one_letter_spacing__hover_enabled=\u00bboff\u00bb button_two_letter_spacing__hover_enabled=\u00bboff\u00bb button_bg_color__hover_enabled=\u00bboff\u00bb button_one_bg_color__hover_enabled=\u00bboff\u00bb button_two_bg_color__hover_enabled=\u00bboff\u00bb]<\/p>\n<p><span style=\"font-weight: 400;\">Las escuelas de la Inspector\u00eda Salesiana Mar\u00eda Auxiliadora tienen como misi\u00f3n <\/span><span style=\"font-weight: 400;\">ofrecer una educaci\u00f3n Integral de calidad, basada en los valores del Evangelio y el sistema <\/span><span style=\"font-weight: 400;\">educativo de Don Bosco, buscando la formaci\u00f3n de todas las dimensiones de la persona <\/span><span style=\"font-weight: 400;\">para construir una sociedad en la que se manifiesten los valores evang\u00e9licos.<\/span><\/p>\n<p><span style=\"font-weight: 400;\">En este proceso educativo, la Comunidad Educativo-Pastoral propone a cada joven <\/span><span style=\"font-weight: 400;\">un modelo de crecimiento y desarrollo personal que est\u00e1 orientado al encuentro con <\/span><span style=\"font-weight: 400;\">Jesucristo y al descubrimiento del propio proyecto de vida, en el que se encuentra el sentido <\/span><span style=\"font-weight: 400;\">de la misma y su incorporaci\u00f3n a la sociedad y a la Iglesia.<\/span><\/p>\n<p><span style=\"font-weight: 400;\">Esta oferta expresa el compromiso con la excelencia educativa, y una atenci\u00f3n <\/span><span style=\"font-weight: 400;\">acogedora y personalizada de cada joven, con especial atenci\u00f3n a los m\u00e1s desfavorecidos y <\/span><span style=\"font-weight: 400;\">necesitados, en unas escuelas abiertas, inclusivas y populares, comprometidas en la mejora <\/span><span style=\"font-weight: 400;\">continua y el desarrollo de su entorno.<\/span><\/p>\n<p>[\/et_pb_cta][\/et_pb_column][et_pb_column type=\u00bb1_3&#8243; _builder_version=\u00bb4.16&#8243; custom_padding=\u00bb|||\u00bb global_colors_info=\u00bb{}\u00bb custom_padding__hover=\u00bb|||\u00bb][et_pb_cta title=\u00bbVISI\u00d3N\u00bb admin_label=\u00bbVISI\u00d3N\u00bb _builder_version=\u00bb4.20.0&#8243; header_font=\u00bbAmatic SC||||\u00bb header_font_size=\u00bb65px\u00bb background_color=\u00bbrgba(220,0,27,0)\u00bb use_background_color_gradient=\u00bbon\u00bb background_color_gradient_stops=\u00bb#ff265c 0%|#ff359d 100%\u00bb background_color_gradient_start=\u00bb#ff265c\u00bb background_color_gradient_end=\u00bb#ff359d\u00bb background_image=\u00bbhttps:\/\/alicante.salesianos.edu\/colegio\/wp-content\/uploads\/sites\/2\/2017\/07\/Screen-Shot-2017-07-14-at-19.29.57.png\u00bb background_blend=\u00bbsoft-light\u00bb global_colors_info=\u00bb{}\u00bb button_text_size__hover_enabled=\u00bboff\u00bb button_one_text_size__hover_enabled=\u00bboff\u00bb button_two_text_size__hover_enabled=\u00bboff\u00bb button_text_color__hover_enabled=\u00bboff\u00bb button_one_text_color__hover_enabled=\u00bboff\u00bb button_two_text_color__hover_enabled=\u00bboff\u00bb button_border_width__hover_enabled=\u00bboff\u00bb button_one_border_width__hover_enabled=\u00bboff\u00bb button_two_border_width__hover_enabled=\u00bboff\u00bb button_border_color__hover_enabled=\u00bboff\u00bb button_one_border_color__hover_enabled=\u00bboff\u00bb button_two_border_color__hover_enabled=\u00bboff\u00bb button_border_radius__hover_enabled=\u00bboff\u00bb button_one_border_radius__hover_enabled=\u00bboff\u00bb button_two_border_radius__hover_enabled=\u00bboff\u00bb button_letter_spacing__hover_enabled=\u00bboff\u00bb button_one_letter_spacing__hover_enabled=\u00bboff\u00bb button_two_letter_spacing__hover_enabled=\u00bboff\u00bb button_bg_color__hover_enabled=\u00bboff\u00bb button_one_bg_color__hover_enabled=\u00bboff\u00bb button_two_bg_color__hover_enabled=\u00bboff\u00bb]<\/p>\n<p><span style=\"font-weight: 400;\">Consideramos que nuestra escuela, cristiana y salesiana, debe manifestarse como <\/span><span style=\"font-weight: 400;\">un lugar y ambiente donde:<\/span><\/p>\n<ul>\n<li><span style=\"font-weight: 400;\"> LV 1. Evangelizar desde la realidad del alumnado, apostando por un desarrollo y <\/span>crecimiento integral de la persona y su proyecto de vida, que le lleve al compromiso con el entorno y la sociedad como agente de transformaci\u00f3n.<\/li>\n<\/ul>\n<ul>\n<li><span style=\"font-weight: 400;\"> LV 2. Estar a la vanguardia de la innovaci\u00f3n educativa.<\/span><\/li>\n<li><span style=\"font-weight: 400;\"> LV 3. Fomentar una s\u00f3lida formaci\u00f3n del alumnado en la que se desarrollen las <\/span>capacidades y destrezas de nuestro perfil de alumno (Inteligencia emocional, conciencia ecol\u00f3gica, trabajo en equipo, dominio de la tecnolog\u00eda; valores evang\u00e9licos y sociales, razonamiento l\u00f3gico y an\u00e1lisis cr\u00edtico; creativo, innovador y emprendedor; buen lector; buen comunicador y biling\u00fce; aut\u00f3nomo).<\/li>\n<\/ul>\n<ul>\n<li><span style=\"font-weight: 400;\"> LV 4. Fomentar un enriquecimiento emocional, para adquirir competencias b\u00e1sicas <\/span>para la vida: conciencia, gesti\u00f3n, autonom\u00eda. Consiguiendo con todo ello que el alumno desarrolle una gran competencia social.<\/li>\n<\/ul>\n<ul>\n<li><span style=\"font-weight: 400;\"> LV 5. Optar por h\u00e1bitos de vida saludables y se genere conciencia ecol\u00f3gica y del <\/span>cuidado de nuestra casa com\u00fan.<\/li>\n<\/ul>\n<ul>\n<li><span style=\"font-weight: 400;\"> LV 6. Optar por la inclusividad, adapt\u00e1ndose a las necesidades del alumnado, tanto <\/span>a nivel educativo como de accesibilidad.<\/li>\n<\/ul>\n<ul>\n<li><span style=\"font-weight: 400;\"> LV 7. Promover la participaci\u00f3n de las familias en la vida del centro, generando una <\/span>colaboraci\u00f3n y coordinaci\u00f3n para el desarrollo del proyecto com\u00fan.<\/li>\n<\/ul>\n<ul>\n<li><span style=\"font-weight: 400;\"> LV 8. Fomentar la apertura a la realidad del entorno, generando oportunidades de <\/span>colaboraci\u00f3n y servicio a nuestra comunidad.<\/li>\n<\/ul>\n<ul>\n<li><span style=\"font-weight: 400;\"> LV 9. Desarrollar una proyecci\u00f3n, a trav\u00e9s de las redes sociales, que acerque <\/span>nuestras acciones tanto a los alumnos como a las familias y el entorno.<\/li>\n<\/ul>\n<p>[\/et_pb_cta][\/et_pb_column][et_pb_column type=\u00bb1_3&#8243; _builder_version=\u00bb4.16&#8243; custom_padding=\u00bb|||\u00bb global_colors_info=\u00bb{}\u00bb custom_padding__hover=\u00bb|||\u00bb][et_pb_cta title=\u00bbVALORES\u00bb admin_label=\u00bbVALORES\u00bb _builder_version=\u00bb4.20.0&#8243; header_font=\u00bbAmatic SC||||\u00bb header_font_size=\u00bb65px\u00bb background_color=\u00bbrgba(220,0,27,0)\u00bb use_background_color_gradient=\u00bbon\u00bb background_color_gradient_stops=\u00bb#4217ed 0%|#c431f9 100%\u00bb background_color_gradient_start=\u00bb#4217ed\u00bb background_color_gradient_end=\u00bb#c431f9&#8243; background_image=\u00bbhttps:\/\/alicante.salesianos.edu\/colegio\/wp-content\/uploads\/sites\/2\/2017\/07\/Realiza2_CNBB.jpg\u00bb background_blend=\u00bbsoft-light\u00bb global_colors_info=\u00bb{}\u00bb button_text_size__hover_enabled=\u00bboff\u00bb button_one_text_size__hover_enabled=\u00bboff\u00bb button_two_text_size__hover_enabled=\u00bboff\u00bb button_text_color__hover_enabled=\u00bboff\u00bb button_one_text_color__hover_enabled=\u00bboff\u00bb button_two_text_color__hover_enabled=\u00bboff\u00bb button_border_width__hover_enabled=\u00bboff\u00bb button_one_border_width__hover_enabled=\u00bboff\u00bb button_two_border_width__hover_enabled=\u00bboff\u00bb button_border_color__hover_enabled=\u00bboff\u00bb button_one_border_color__hover_enabled=\u00bboff\u00bb button_two_border_color__hover_enabled=\u00bboff\u00bb button_border_radius__hover_enabled=\u00bboff\u00bb button_one_border_radius__hover_enabled=\u00bboff\u00bb button_two_border_radius__hover_enabled=\u00bboff\u00bb button_letter_spacing__hover_enabled=\u00bboff\u00bb button_one_letter_spacing__hover_enabled=\u00bboff\u00bb button_two_letter_spacing__hover_enabled=\u00bboff\u00bb button_bg_color__hover_enabled=\u00bboff\u00bb button_one_bg_color__hover_enabled=\u00bboff\u00bb button_two_bg_color__hover_enabled=\u00bboff\u00bb]<\/p>\n<p><span style=\"font-weight: 400;\">Nuestra escuela salesiana se esfuerza en ser espacio donde se experimentan <\/span><span style=\"font-weight: 400;\">algunos valores que dan cuerpo a nuestra oferta educativa como son:<\/span><\/p>\n<ul>\n<li><span style=\"font-weight: 400;\"> La apertura a Dios, como fuente para el enriquecimiento de la humanizaci\u00f3n de la <\/span>persona.<\/li>\n<\/ul>\n<ul>\n<li><span style=\"font-weight: 400;\"> La confianza incondicional en los j\u00f3venes, que son el centro de nuestro proyecto <\/span>educativo, lo que se traduce en una acogida cercana, en un apoyo positivo de la persona y en el acompa\u00f1amiento en el desarrollo de su proyecto personal de vida.<\/li>\n<\/ul>\n<ul>\n<li><span style=\"font-weight: 400;\"> El respeto de la vida como don recibido y como fuente de compromiso y de <\/span>responsabilidad.<\/li>\n<\/ul>\n<ul>\n<li><span style=\"font-weight: 400;\"> La personalizaci\u00f3n de las relaciones con una atenci\u00f3n particular a la diversidad de <\/span>cada persona y de cada cultura.<\/li>\n<\/ul>\n<ul>\n<li><span style=\"font-weight: 400;\"> La construcci\u00f3n de un mundo m\u00e1s solidario, que luche contra todas las pobrezas, <\/span>mediante acciones justas y pac\u00edficas y a trav\u00e9s de un di\u00e1logo intercultural.<\/li>\n<\/ul>\n<ul>\n<li><span style=\"font-weight: 400;\"> El trabajo, personal y en equipo, como fuente de educaci\u00f3n, de realizaci\u00f3n de las <\/span>personas y de mejora permanente de la calidad de vida, tanto personal como social.<\/li>\n<\/ul>\n<ul>\n<li><span style=\"font-weight: 400;\">Conciencia ecol\u00f3gica y respeto al medio ambiente, como don recibido y <\/span>herencia compartida que legar a las generaciones futuras.<\/li>\n<\/ul>\n<ul>\n<li><span style=\"font-weight: 400;\"> La capacidad para emprender, investigar, crear, innovar para dar respuesta a una <\/span>sociedad muy cambiante (en relaci\u00f3n con la vanguardia metodol\u00f3gica).<\/li>\n<\/ul>\n<ul>\n<li><span style=\"font-weight: 400;\"> La familia como escuela que educa y con la que el centro colabora en el desarrollo de la persona. <\/span><\/li>\n<\/ul>\n<p>[\/et_pb_cta][\/et_pb_column][\/et_pb_row][\/et_pb_section]<\/p>\n<!-- AddThis Advanced Settings generic via filter on the_content --><!-- AddThis Share Buttons generic via filter on the_content -->","protected":false},"excerpt":{"rendered":"<p>\u00bfQui\u00e9nes somos los salesianos? Los Salesianos de Don Bosco (SDB)\u00a0somos una congregaci\u00f3n religiosa perteneciente a la Iglesia Cat\u00f3lica y fundada por San Juan Bosco el 18 de diciembre de 1859, en Tur\u00edn. Nuestro nombre oficial es\u00a0\u201cSociedad de San Francisco de Sales\u201d, en referencia al santo que nuestro fundador eligi\u00f3 como modelo por su amabilidad y [&hellip;]<\/p>\n<p><!-- AddThis Advanced Settings generic via filter on get_the_excerpt --><!-- AddThis Share Buttons generic via filter on get_the_excerpt --><\/p>\n","protected":false},"author":3,"featured_media":0,"parent":0,"menu_order":0,"comment_status":"closed","ping_status":"closed","template":"","meta":{"_et_pb_use_builder":"on","_et_pb_old_content":"","_et_gb_content_width":"","footnotes":""},"class_list":["post-9488","page","type-page","status-publish","hentry"],"yoast_head":"<!-- This site is optimized with the Yoast SEO plugin v27.4 - https:\/\/yoast.com\/product\/yoast-seo-wordpress\/ -->\n<title>Misi\u00f3n - Visi\u00f3n - Valores - Colegio Salesiano San Isidro<\/title>\n<meta name=\"robots\" content=\"index, follow, max-snippet:-1, max-image-preview:large, max-video-preview:-1\" \/>\n<link rel=\"canonical\" href=\"https:\/\/laorotava.salesianos.edu\/colegio\/mision-vision-valores\/\" \/>\n<meta property=\"og:locale\" content=\"es_ES\" \/>\n<meta property=\"og:type\" content=\"article\" \/>\n<meta property=\"og:title\" content=\"Misi\u00f3n - Visi\u00f3n - Valores - Colegio Salesiano San Isidro\" \/>\n<meta property=\"og:description\" content=\"\u00bfQui\u00e9nes somos los salesianos? Los Salesianos de Don Bosco (SDB)\u00a0somos una congregaci\u00f3n religiosa perteneciente a la Iglesia Cat\u00f3lica y fundada por San Juan Bosco el 18 de diciembre de 1859, en Tur\u00edn. Nuestro nombre oficial es\u00a0\u201cSociedad de San Francisco de Sales\u201d, en referencia al santo que nuestro fundador eligi\u00f3 como modelo por su amabilidad y [&hellip;]\" \/>\n<meta property=\"og:url\" content=\"https:\/\/laorotava.salesianos.edu\/colegio\/mision-vision-valores\/\" \/>\n<meta property=\"og:site_name\" content=\"Colegio Salesiano San Isidro\" \/>\n<meta property=\"article:modified_time\" content=\"2026-03-16T16:25:07+00:00\" \/>\n<meta name=\"twitter:card\" content=\"summary_large_image\" \/>\n<meta name=\"twitter:label1\" content=\"Tiempo de lectura\" \/>\n\t<meta name=\"twitter:data1\" content=\"4 minutos\" \/>\n<script type=\"application\/ld+json\" class=\"yoast-schema-graph\">{\"@context\":\"https:\\\/\\\/schema.org\",\"@graph\":[{\"@type\":\"WebPage\",\"@id\":\"https:\\\/\\\/laorotava.salesianos.edu\\\/colegio\\\/mision-vision-valores\\\/\",\"url\":\"https:\\\/\\\/laorotava.salesianos.edu\\\/colegio\\\/mision-vision-valores\\\/\",\"name\":\"Misi\u00f3n - Visi\u00f3n - Valores - Colegio Salesiano San Isidro\",\"isPartOf\":{\"@id\":\"https:\\\/\\\/laorotava.salesianos.edu\\\/colegio\\\/#website\"},\"datePublished\":\"2022-03-15T11:53:41+00:00\",\"dateModified\":\"2026-03-16T16:25:07+00:00\",\"breadcrumb\":{\"@id\":\"https:\\\/\\\/laorotava.salesianos.edu\\\/colegio\\\/mision-vision-valores\\\/#breadcrumb\"},\"inLanguage\":\"es\",\"potentialAction\":[{\"@type\":\"ReadAction\",\"target\":[\"https:\\\/\\\/laorotava.salesianos.edu\\\/colegio\\\/mision-vision-valores\\\/\"]}]},{\"@type\":\"BreadcrumbList\",\"@id\":\"https:\\\/\\\/laorotava.salesianos.edu\\\/colegio\\\/mision-vision-valores\\\/#breadcrumb\",\"itemListElement\":[{\"@type\":\"ListItem\",\"position\":1,\"name\":\"Portada\",\"item\":\"https:\\\/\\\/laorotava.salesianos.edu\\\/colegio\\\/\"},{\"@type\":\"ListItem\",\"position\":2,\"name\":\"Misi\u00f3n &#8211; Visi\u00f3n &#8211; Valores\"}]},{\"@type\":\"WebSite\",\"@id\":\"https:\\\/\\\/laorotava.salesianos.edu\\\/colegio\\\/#website\",\"url\":\"https:\\\/\\\/laorotava.salesianos.edu\\\/colegio\\\/\",\"name\":\"Colegio Salesiano San Isidro\",\"description\":\"P\u00e1gina oficial Colegio Salesiano San Isidro\",\"potentialAction\":[{\"@type\":\"SearchAction\",\"target\":{\"@type\":\"EntryPoint\",\"urlTemplate\":\"https:\\\/\\\/laorotava.salesianos.edu\\\/colegio\\\/?s={search_term_string}\"},\"query-input\":{\"@type\":\"PropertyValueSpecification\",\"valueRequired\":true,\"valueName\":\"search_term_string\"}}],\"inLanguage\":\"es\"}]}<\/script>\n<!-- \/ Yoast SEO plugin. -->","yoast_head_json":{"title":"Misi\u00f3n - Visi\u00f3n - Valores - Colegio Salesiano San Isidro","robots":{"index":"index","follow":"follow","max-snippet":"max-snippet:-1","max-image-preview":"max-image-preview:large","max-video-preview":"max-video-preview:-1"},"canonical":"https:\/\/laorotava.salesianos.edu\/colegio\/mision-vision-valores\/","og_locale":"es_ES","og_type":"article","og_title":"Misi\u00f3n - Visi\u00f3n - Valores - Colegio Salesiano San Isidro","og_description":"\u00bfQui\u00e9nes somos los salesianos? Los Salesianos de Don Bosco (SDB)\u00a0somos una congregaci\u00f3n religiosa perteneciente a la Iglesia Cat\u00f3lica y fundada por San Juan Bosco el 18 de diciembre de 1859, en Tur\u00edn. Nuestro nombre oficial es\u00a0\u201cSociedad de San Francisco de Sales\u201d, en referencia al santo que nuestro fundador eligi\u00f3 como modelo por su amabilidad y [&hellip;]","og_url":"https:\/\/laorotava.salesianos.edu\/colegio\/mision-vision-valores\/","og_site_name":"Colegio Salesiano San Isidro","article_modified_time":"2026-03-16T16:25:07+00:00","twitter_card":"summary_large_image","twitter_misc":{"Tiempo de lectura":"4 minutos"},"schema":{"@context":"https:\/\/schema.org","@graph":[{"@type":"WebPage","@id":"https:\/\/laorotava.salesianos.edu\/colegio\/mision-vision-valores\/","url":"https:\/\/laorotava.salesianos.edu\/colegio\/mision-vision-valores\/","name":"Misi\u00f3n - Visi\u00f3n - Valores - Colegio Salesiano San Isidro","isPartOf":{"@id":"https:\/\/laorotava.salesianos.edu\/colegio\/#website"},"datePublished":"2022-03-15T11:53:41+00:00","dateModified":"2026-03-16T16:25:07+00:00","breadcrumb":{"@id":"https:\/\/laorotava.salesianos.edu\/colegio\/mision-vision-valores\/#breadcrumb"},"inLanguage":"es","potentialAction":[{"@type":"ReadAction","target":["https:\/\/laorotava.salesianos.edu\/colegio\/mision-vision-valores\/"]}]},{"@type":"BreadcrumbList","@id":"https:\/\/laorotava.salesianos.edu\/colegio\/mision-vision-valores\/#breadcrumb","itemListElement":[{"@type":"ListItem","position":1,"name":"Portada","item":"https:\/\/laorotava.salesianos.edu\/colegio\/"},{"@type":"ListItem","position":2,"name":"Misi\u00f3n &#8211; Visi\u00f3n &#8211; Valores"}]},{"@type":"WebSite","@id":"https:\/\/laorotava.salesianos.edu\/colegio\/#website","url":"https:\/\/laorotava.salesianos.edu\/colegio\/","name":"Colegio Salesiano San Isidro","description":"P\u00e1gina oficial Colegio Salesiano San Isidro","potentialAction":[{"@type":"SearchAction","target":{"@type":"EntryPoint","urlTemplate":"https:\/\/laorotava.salesianos.edu\/colegio\/?s={search_term_string}"},"query-input":{"@type":"PropertyValueSpecification","valueRequired":true,"valueName":"search_term_string"}}],"inLanguage":"es"}]}},"_links":{"self":[{"href":"https:\/\/laorotava.salesianos.edu\/colegio\/wp-json\/wp\/v2\/pages\/9488","targetHints":{"allow":["GET"]}}],"collection":[{"href":"https:\/\/laorotava.salesianos.edu\/colegio\/wp-json\/wp\/v2\/pages"}],"about":[{"href":"https:\/\/laorotava.salesianos.edu\/colegio\/wp-json\/wp\/v2\/types\/page"}],"author":[{"embeddable":true,"href":"https:\/\/laorotava.salesianos.edu\/colegio\/wp-json\/wp\/v2\/users\/3"}],"replies":[{"embeddable":true,"href":"https:\/\/laorotava.salesianos.edu\/colegio\/wp-json\/wp\/v2\/comments?post=9488"}],"version-history":[{"count":5,"href":"https:\/\/laorotava.salesianos.edu\/colegio\/wp-json\/wp\/v2\/pages\/9488\/revisions"}],"predecessor-version":[{"id":10730,"href":"https:\/\/laorotava.salesianos.edu\/colegio\/wp-json\/wp\/v2\/pages\/9488\/revisions\/10730"}],"wp:attachment":[{"href":"https:\/\/laorotava.salesianos.edu\/colegio\/wp-json\/wp\/v2\/media?parent=9488"}],"curies":[{"name":"wp","href":"https:\/\/api.w.org\/{rel}","templated":true}]}}