{"id":7871,"date":"2018-01-29T09:10:40","date_gmt":"2018-01-29T09:10:40","guid":{"rendered":"https:\/\/laorotava.salesianos.edu\/colegio\/?page_id=7871"},"modified":"2025-08-25T06:25:03","modified_gmt":"2025-08-25T06:25:03","slug":"acogida-matinal","status":"publish","type":"page","link":"https:\/\/laorotava.salesianos.edu\/colegio\/acogida-matinal\/","title":{"rendered":"Acogida matinal"},"content":{"rendered":"<div id=\"fb-root\"><\/div>\n<p>[et_pb_section fb_built=\u00bb1&#8243; fullwidth=\u00bbon\u00bb _builder_version=\u00bb4.16&#8243; global_colors_info=\u00bb{}\u00bb][et_pb_fullwidth_header title=\u00bbAcogida Matinal\u00bb module_class=\u00bbpagina-imagen-cabecera\u00bb _builder_version=\u00bb4.17.6&#8243; title_font_size=\u00bb40px\u00bb background_color=\u00bbrgba(255, 255, 255, 0)\u00bb background_image=\u00bbhttps:\/\/laorotava.salesianos.edu\/colegio\/wp-content\/uploads\/sites\/2\/2022\/01\/Cabecera-Infantil&#8211;scaled.jpg\u00bb background_position=\u00bbbottom_center\u00bb background_layout=\u00bblight\u00bb max_width_tablet=\u00bb50px\u00bb global_colors_info=\u00bb{}\u00bb button_one_text_size__hover_enabled=\u00bboff\u00bb button_one_text_size__hover=\u00bbnull\u00bb button_two_text_size__hover_enabled=\u00bboff\u00bb button_two_text_size__hover=\u00bbnull\u00bb button_one_text_color__hover_enabled=\u00bboff\u00bb button_one_text_color__hover=\u00bbnull\u00bb button_two_text_color__hover_enabled=\u00bboff\u00bb button_two_text_color__hover=\u00bbnull\u00bb button_one_border_width__hover_enabled=\u00bboff\u00bb button_one_border_width__hover=\u00bbnull\u00bb button_two_border_width__hover_enabled=\u00bboff\u00bb button_two_border_width__hover=\u00bbnull\u00bb button_one_border_color__hover_enabled=\u00bboff\u00bb button_one_border_color__hover=\u00bbnull\u00bb button_two_border_color__hover_enabled=\u00bboff\u00bb button_two_border_color__hover=\u00bbnull\u00bb button_one_border_radius__hover_enabled=\u00bboff\u00bb button_one_border_radius__hover=\u00bbnull\u00bb button_two_border_radius__hover_enabled=\u00bboff\u00bb button_two_border_radius__hover=\u00bbnull\u00bb button_one_letter_spacing__hover_enabled=\u00bboff\u00bb button_one_letter_spacing__hover=\u00bbnull\u00bb button_two_letter_spacing__hover_enabled=\u00bboff\u00bb button_two_letter_spacing__hover=\u00bbnull\u00bb button_one_bg_color__hover_enabled=\u00bboff\u00bb button_one_bg_color__hover=\u00bbnull\u00bb button_two_bg_color__hover_enabled=\u00bboff\u00bb button_two_bg_color__hover=\u00bbnull\u00bb][\/et_pb_fullwidth_header][\/et_pb_section][et_pb_section fb_built=\u00bb1&#8243; module_class=\u00bbpagina-seccion-contenido\u00bb _builder_version=\u00bb4.16&#8243; custom_padding=\u00bb0%|||\u00bb global_colors_info=\u00bb{}\u00bb][et_pb_row column_structure=\u00bb2_5,3_5&#8243; _builder_version=\u00bb4.16&#8243; global_colors_info=\u00bb{}\u00bb][et_pb_column type=\u00bb2_5&#8243; _builder_version=\u00bb4.16&#8243; global_colors_info=\u00bb{}\u00bb][et_pb_text admin_label=\u00bbTexto\u00bb _builder_version=\u00bb4.17.6&#8243; _module_preset=\u00bbdefault\u00bb global_colors_info=\u00bb{}\u00bb]<\/p>\n<h1 style=\"text-align: center;\"><strong>ACOGIDA MATINAL<\/strong><\/h1>\n<p>El horario de a acogida matinal ser\u00e1 desde las 7:00 hasta las 8:55. Existen tres modalidades de horarios diferentes, existiendo tambi\u00e9n la posibilidad de acudir d\u00edas sueltos abonando 2\u20ac\/d\u00eda.<\/p>\n<p>[\/et_pb_text][et_pb_button button_url=\u00bbhttps:\/\/forms.gle\/pzr2ArewXghtaAZw6&#8243; url_new_window=\u00bbon\u00bb button_text=\u00bbINSCRIPCI\u00d3N\u00bb button_alignment=\u00bbcenter\u00bb _builder_version=\u00bb4.18.0&#8243; custom_button=\u00bbon\u00bb button_text_color=\u00bb#e02b20&#8243; hover_enabled=\u00bb0&#8243; global_colors_info=\u00bb{}\u00bb sticky_enabled=\u00bb0&#8243;][\/et_pb_button][\/et_pb_column][et_pb_column type=\u00bb3_5&#8243; _builder_version=\u00bb4.16&#8243; global_colors_info=\u00bb{}\u00bb][et_pb_text _builder_version=\u00bb4.17.6&#8243; _module_preset=\u00bbdefault\u00bb box_shadow_style=\u00bbpreset3&#8243; global_colors_info=\u00bb{}\u00bb]<\/p>\n<p><strong>MES DE SEPTIEMBRE Y JUNIO.<\/strong><\/p>\n<table style=\"border-collapse: collapse; width: 100%;\" border=\"1\">\n<tbody>\n<tr>\n<td style=\"width: 33.3333%; text-align: center;\"><span style=\"color: #ff0000;\"><strong>C\u00d3DIGO<\/strong><\/span><\/td>\n<td style=\"width: 33.3333%; text-align: center;\"><span style=\"color: #ff0000;\"><strong>HORARIO<\/strong><\/span><\/td>\n<td style=\"width: 33.3333%; text-align: center;\"><span style=\"color: #ff0000;\"><strong>PRECIO<\/strong><\/span><\/td>\n<\/tr>\n<tr>\n<td style=\"width: 33.3333%; text-align: center;\">2001<\/td>\n<td style=\"width: 33.3333%; text-align: center;\">7:00 \u2013 8:55<\/td>\n<td style=\"width: 33.3333%; text-align: center;\">30\u20ac<\/td>\n<\/tr>\n<tr>\n<td style=\"width: 33.3333%; text-align: center;\">2002<\/td>\n<td style=\"width: 33.3333%; text-align: center;\">7:45 \u2013 8:55<\/td>\n<td style=\"width: 33.3333%; text-align: center;\">20\u20ac<\/td>\n<\/tr>\n<tr>\n<td style=\"width: 33.3333%; text-align: center;\">2003<\/td>\n<td style=\"width: 33.3333%; text-align: center;\">8:15 \u2013 8:55<\/td>\n<td style=\"width: 33.3333%; text-align: center;\">10\u20ac<\/td>\n<\/tr>\n<\/tbody>\n<\/table>\n<p>&nbsp;<\/p>\n<p><strong>DE OCTUBRE A MAYO<\/strong><\/p>\n<table style=\"border-collapse: collapse; width: 100%;\" border=\"1\">\n<tbody>\n<tr>\n<td style=\"width: 33.3333%; text-align: center;\"><span style=\"color: #ff0000;\"><strong>C\u00d3DIGO<\/strong><\/span><\/td>\n<td style=\"width: 33.3333%; text-align: center;\"><span style=\"color: #ff0000;\"><strong>HORARIO<\/strong><\/span><\/td>\n<td style=\"width: 33.3333%; text-align: center;\"><span style=\"color: #ff0000;\"><strong>PRECIO<\/strong><\/span><\/td>\n<\/tr>\n<tr>\n<td style=\"width: 33.3333%; text-align: center;\">2001<\/td>\n<td style=\"width: 33.3333%; text-align: center;\">7:00 \u2013 8:55<\/td>\n<td style=\"width: 33.3333%; text-align: center;\">44\u20ac<\/td>\n<\/tr>\n<tr>\n<td style=\"width: 33.3333%; text-align: center;\">2002<\/td>\n<td style=\"width: 33.3333%; text-align: center;\">7:45 \u2013 8:55<\/td>\n<td style=\"width: 33.3333%; text-align: center;\">32\u20ac<\/td>\n<\/tr>\n<tr>\n<td style=\"width: 33.3333%; text-align: center;\">2003<\/td>\n<td style=\"width: 33.3333%; text-align: center;\">8:15 \u2013 8:55<\/td>\n<td style=\"width: 33.3333%; text-align: center;\">14\u20ac<\/td>\n<\/tr>\n<\/tbody>\n<\/table>\n<p>[\/et_pb_text][\/et_pb_column][\/et_pb_row][\/et_pb_section]<\/p>\n<!-- AddThis Advanced Settings generic via filter on the_content --><!-- AddThis Share Buttons generic via filter on the_content -->","protected":false},"excerpt":{"rendered":"<p>ACOGIDA MATINAL El horario de a acogida matinal ser\u00e1 desde las 7:00 hasta las 8:55. Existen tres modalidades de horarios diferentes, existiendo tambi\u00e9n la posibilidad de acudir d\u00edas sueltos abonando 2\u20ac\/d\u00eda.MES DE SEPTIEMBRE Y JUNIO. C\u00d3DIGO HORARIO PRECIO 2001 7:00 \u2013 8:55 30\u20ac 2002 7:45 \u2013 8:55 20\u20ac 2003 8:15 \u2013 8:55 10\u20ac &nbsp; DE [&hellip;]<\/p>\n<p><!-- AddThis Advanced Settings generic via filter on get_the_excerpt --><!-- AddThis Share Buttons generic via filter on get_the_excerpt --><\/p>\n","protected":false},"author":3,"featured_media":0,"parent":0,"menu_order":0,"comment_status":"closed","ping_status":"closed","template":"","meta":{"_et_pb_use_builder":"on","_et_pb_old_content":"","_et_gb_content_width":"","footnotes":""},"class_list":["post-7871","page","type-page","status-publish","hentry"],"yoast_head":"<!-- This site is optimized with the Yoast SEO plugin v27.4 - https:\/\/yoast.com\/product\/yoast-seo-wordpress\/ -->\n<title>Acogida matinal - Colegio Salesiano San Isidro<\/title>\n<meta name=\"robots\" content=\"index, follow, max-snippet:-1, max-image-preview:large, max-video-preview:-1\" \/>\n<link rel=\"canonical\" href=\"https:\/\/laorotava.salesianos.edu\/colegio\/acogida-matinal\/\" \/>\n<meta property=\"og:locale\" content=\"es_ES\" \/>\n<meta property=\"og:type\" content=\"article\" \/>\n<meta property=\"og:title\" content=\"Acogida matinal - Colegio Salesiano San Isidro\" \/>\n<meta property=\"og:description\" content=\"ACOGIDA MATINAL El horario de a acogida matinal ser\u00e1 desde las 7:00 hasta las 8:55. Existen tres modalidades de horarios diferentes, existiendo tambi\u00e9n la posibilidad de acudir d\u00edas sueltos abonando 2\u20ac\/d\u00eda.MES DE SEPTIEMBRE Y JUNIO. C\u00d3DIGO HORARIO PRECIO 2001 7:00 \u2013 8:55 30\u20ac 2002 7:45 \u2013 8:55 20\u20ac 2003 8:15 \u2013 8:55 10\u20ac &nbsp; DE [&hellip;]\" \/>\n<meta property=\"og:url\" content=\"https:\/\/laorotava.salesianos.edu\/colegio\/acogida-matinal\/\" \/>\n<meta property=\"og:site_name\" content=\"Colegio Salesiano San Isidro\" \/>\n<meta property=\"article:modified_time\" content=\"2025-08-25T06:25:03+00:00\" \/>\n<meta name=\"twitter:card\" content=\"summary_large_image\" \/>\n<meta name=\"twitter:label1\" content=\"Tiempo de lectura\" \/>\n\t<meta name=\"twitter:data1\" content=\"1 minuto\" \/>\n<script type=\"application\/ld+json\" class=\"yoast-schema-graph\">{\"@context\":\"https:\\\/\\\/schema.org\",\"@graph\":[{\"@type\":\"WebPage\",\"@id\":\"https:\\\/\\\/laorotava.salesianos.edu\\\/colegio\\\/acogida-matinal\\\/\",\"url\":\"https:\\\/\\\/laorotava.salesianos.edu\\\/colegio\\\/acogida-matinal\\\/\",\"name\":\"Acogida matinal - Colegio Salesiano San Isidro\",\"isPartOf\":{\"@id\":\"https:\\\/\\\/laorotava.salesianos.edu\\\/colegio\\\/#website\"},\"datePublished\":\"2018-01-29T09:10:40+00:00\",\"dateModified\":\"2025-08-25T06:25:03+00:00\",\"breadcrumb\":{\"@id\":\"https:\\\/\\\/laorotava.salesianos.edu\\\/colegio\\\/acogida-matinal\\\/#breadcrumb\"},\"inLanguage\":\"es\",\"potentialAction\":[{\"@type\":\"ReadAction\",\"target\":[\"https:\\\/\\\/laorotava.salesianos.edu\\\/colegio\\\/acogida-matinal\\\/\"]}]},{\"@type\":\"BreadcrumbList\",\"@id\":\"https:\\\/\\\/laorotava.salesianos.edu\\\/colegio\\\/acogida-matinal\\\/#breadcrumb\",\"itemListElement\":[{\"@type\":\"ListItem\",\"position\":1,\"name\":\"Portada\",\"item\":\"https:\\\/\\\/laorotava.salesianos.edu\\\/colegio\\\/\"},{\"@type\":\"ListItem\",\"position\":2,\"name\":\"Acogida matinal\"}]},{\"@type\":\"WebSite\",\"@id\":\"https:\\\/\\\/laorotava.salesianos.edu\\\/colegio\\\/#website\",\"url\":\"https:\\\/\\\/laorotava.salesianos.edu\\\/colegio\\\/\",\"name\":\"Colegio Salesiano San Isidro\",\"description\":\"P\u00e1gina oficial Colegio Salesiano San Isidro\",\"potentialAction\":[{\"@type\":\"SearchAction\",\"target\":{\"@type\":\"EntryPoint\",\"urlTemplate\":\"https:\\\/\\\/laorotava.salesianos.edu\\\/colegio\\\/?s={search_term_string}\"},\"query-input\":{\"@type\":\"PropertyValueSpecification\",\"valueRequired\":true,\"valueName\":\"search_term_string\"}}],\"inLanguage\":\"es\"}]}<\/script>\n<!-- \/ Yoast SEO plugin. -->","yoast_head_json":{"title":"Acogida matinal - Colegio Salesiano San Isidro","robots":{"index":"index","follow":"follow","max-snippet":"max-snippet:-1","max-image-preview":"max-image-preview:large","max-video-preview":"max-video-preview:-1"},"canonical":"https:\/\/laorotava.salesianos.edu\/colegio\/acogida-matinal\/","og_locale":"es_ES","og_type":"article","og_title":"Acogida matinal - Colegio Salesiano San Isidro","og_description":"ACOGIDA MATINAL El horario de a acogida matinal ser\u00e1 desde las 7:00 hasta las 8:55. Existen tres modalidades de horarios diferentes, existiendo tambi\u00e9n la posibilidad de acudir d\u00edas sueltos abonando 2\u20ac\/d\u00eda.MES DE SEPTIEMBRE Y JUNIO. C\u00d3DIGO HORARIO PRECIO 2001 7:00 \u2013 8:55 30\u20ac 2002 7:45 \u2013 8:55 20\u20ac 2003 8:15 \u2013 8:55 10\u20ac &nbsp; DE [&hellip;]","og_url":"https:\/\/laorotava.salesianos.edu\/colegio\/acogida-matinal\/","og_site_name":"Colegio Salesiano San Isidro","article_modified_time":"2025-08-25T06:25:03+00:00","twitter_card":"summary_large_image","twitter_misc":{"Tiempo de lectura":"1 minuto"},"schema":{"@context":"https:\/\/schema.org","@graph":[{"@type":"WebPage","@id":"https:\/\/laorotava.salesianos.edu\/colegio\/acogida-matinal\/","url":"https:\/\/laorotava.salesianos.edu\/colegio\/acogida-matinal\/","name":"Acogida matinal - Colegio Salesiano San Isidro","isPartOf":{"@id":"https:\/\/laorotava.salesianos.edu\/colegio\/#website"},"datePublished":"2018-01-29T09:10:40+00:00","dateModified":"2025-08-25T06:25:03+00:00","breadcrumb":{"@id":"https:\/\/laorotava.salesianos.edu\/colegio\/acogida-matinal\/#breadcrumb"},"inLanguage":"es","potentialAction":[{"@type":"ReadAction","target":["https:\/\/laorotava.salesianos.edu\/colegio\/acogida-matinal\/"]}]},{"@type":"BreadcrumbList","@id":"https:\/\/laorotava.salesianos.edu\/colegio\/acogida-matinal\/#breadcrumb","itemListElement":[{"@type":"ListItem","position":1,"name":"Portada","item":"https:\/\/laorotava.salesianos.edu\/colegio\/"},{"@type":"ListItem","position":2,"name":"Acogida matinal"}]},{"@type":"WebSite","@id":"https:\/\/laorotava.salesianos.edu\/colegio\/#website","url":"https:\/\/laorotava.salesianos.edu\/colegio\/","name":"Colegio Salesiano San Isidro","description":"P\u00e1gina oficial Colegio Salesiano San Isidro","potentialAction":[{"@type":"SearchAction","target":{"@type":"EntryPoint","urlTemplate":"https:\/\/laorotava.salesianos.edu\/colegio\/?s={search_term_string}"},"query-input":{"@type":"PropertyValueSpecification","valueRequired":true,"valueName":"search_term_string"}}],"inLanguage":"es"}]}},"_links":{"self":[{"href":"https:\/\/laorotava.salesianos.edu\/colegio\/wp-json\/wp\/v2\/pages\/7871","targetHints":{"allow":["GET"]}}],"collection":[{"href":"https:\/\/laorotava.salesianos.edu\/colegio\/wp-json\/wp\/v2\/pages"}],"about":[{"href":"https:\/\/laorotava.salesianos.edu\/colegio\/wp-json\/wp\/v2\/types\/page"}],"author":[{"embeddable":true,"href":"https:\/\/laorotava.salesianos.edu\/colegio\/wp-json\/wp\/v2\/users\/3"}],"replies":[{"embeddable":true,"href":"https:\/\/laorotava.salesianos.edu\/colegio\/wp-json\/wp\/v2\/comments?post=7871"}],"version-history":[{"count":10,"href":"https:\/\/laorotava.salesianos.edu\/colegio\/wp-json\/wp\/v2\/pages\/7871\/revisions"}],"predecessor-version":[{"id":9691,"href":"https:\/\/laorotava.salesianos.edu\/colegio\/wp-json\/wp\/v2\/pages\/7871\/revisions\/9691"}],"wp:attachment":[{"href":"https:\/\/laorotava.salesianos.edu\/colegio\/wp-json\/wp\/v2\/media?parent=7871"}],"curies":[{"name":"wp","href":"https:\/\/api.w.org\/{rel}","templated":true}]}}