{"id":4700,"date":"2017-10-30T23:12:58","date_gmt":"2017-10-30T23:12:58","guid":{"rendered":"https:\/\/laorotava.salesianos.edu\/colegio\/?page_id=4700"},"modified":"2025-08-25T06:25:07","modified_gmt":"2025-08-25T06:25:07","slug":"personal","status":"publish","type":"page","link":"https:\/\/laorotava.salesianos.edu\/colegio\/personal\/","title":{"rendered":"Personal"},"content":{"rendered":"<div id=\"fb-root\"><\/div>\n<p>[et_pb_section fb_built=\u00bb1&#8243; fullwidth=\u00bbon\u00bb _builder_version=\u00bb4.16&#8243; global_colors_info=\u00bb{}\u00bb][et_pb_fullwidth_header title=\u00bbPersonal\u00bb title_font_color=\u00bb#ffffff\u00bb module_class=\u00bbpagina-imagen-cabecera\u00bb _builder_version=\u00bb4.27.3&#8243; title_level=\u00bbh2&#8243; title_font=\u00bbGabriela||||||||\u00bb title_text_align=\u00bbright\u00bb title_text_color=\u00bb#ffffff\u00bb title_font_size=\u00bb80px\u00bb background_color=\u00bbrgba(255, 255, 255, 0)\u00bb use_background_color_gradient=\u00bbon\u00bb background_image=\u00bbhttps:\/\/laorotava.salesianos.edu\/colegio\/wp-content\/uploads\/sites\/2\/2024\/11\/CLAUSTRO-INFORmal-Salesianos-La-Orotava-1-scaled.jpg\u00bb background_layout=\u00bblight\u00bb max_width_tablet=\u00bb50px\u00bb hover_enabled=\u00bb0&#8243; title_text_shadow_style=\u00bbpreset5&#8243; background_url=\u00bbhttps:\/\/alicante.salesianos.edu\/familiasalesiana\/wp-content\/uploads\/sites\/7\/2017\/04\/Archivo_006.jpeg\u00bb global_colors_info=\u00bb{}\u00bb button_one_text_size__hover_enabled=\u00bboff\u00bb button_two_text_size__hover_enabled=\u00bboff\u00bb button_one_text_color__hover_enabled=\u00bboff\u00bb button_two_text_color__hover_enabled=\u00bboff\u00bb button_one_border_width__hover_enabled=\u00bboff\u00bb button_two_border_width__hover_enabled=\u00bboff\u00bb button_one_border_color__hover_enabled=\u00bboff\u00bb button_two_border_color__hover_enabled=\u00bboff\u00bb button_one_border_radius__hover_enabled=\u00bboff\u00bb button_two_border_radius__hover_enabled=\u00bboff\u00bb button_one_letter_spacing__hover_enabled=\u00bboff\u00bb button_two_letter_spacing__hover_enabled=\u00bboff\u00bb button_one_bg_color__hover_enabled=\u00bboff\u00bb button_two_bg_color__hover_enabled=\u00bboff\u00bb sticky_enabled=\u00bb0&#8243; title_text=\u00bbCLAUSTRO INFORmal Salesianos La Orotava\u00bb][\/et_pb_fullwidth_header][\/et_pb_section][et_pb_section fb_built=\u00bb1&#8243; module_class=\u00bbpagina-seccion-contenido\u00bb _builder_version=\u00bb4.16&#8243; custom_padding=\u00bb0%|||\u00bb global_colors_info=\u00bb{}\u00bb][et_pb_row module_class=\u00bbpagina-texto\u00bb _builder_version=\u00bb4.16&#8243; background_size=\u00bbinitial\u00bb background_position=\u00bbtop_left\u00bb background_repeat=\u00bbrepeat\u00bb custom_margin=\u00bb25px|||\u00bb custom_padding=\u00bb25px|||\u00bb global_colors_info=\u00bb{}\u00bb][et_pb_column type=\u00bb4_4&#8243; _builder_version=\u00bb4.16&#8243; custom_padding=\u00bb|||\u00bb global_colors_info=\u00bb{}\u00bb custom_padding__hover=\u00bb|||\u00bb][et_pb_testimonial author=\u00bbAna Bel\u00e9n Mart\u00edn Ponce\u00bb job_title=\u00bbDirectora, Colegio San Isidro\u00bb url=\u00bbmailto:noexiste@salesianos.edu\u00bb portrait_url=\u00bbhttps:\/\/laorotava.salesianos.edu\/colegio\/wp-content\/uploads\/sites\/2\/2023\/09\/Foto-Ana.jpeg\u00bb _builder_version=\u00bb4.22.2&#8243; custom_margin=\u00bb|||\u00bb border_style=\u00bbsolid\u00bb global_colors_info=\u00bb{}\u00bb]<\/p>\n<h3>Bienvenidos\/as,<\/h3>\n<div>Mi nombre es Ana Bel\u00e9n Mart\u00edn Ponce y soy la Directora de Centro del Colegio San Isidro Salesianos de La Orotava.<\/div>\n<div>Simplemente, quiero mostrarles a los Equipos que hacen posible que los Proyectos que planteamos, se lleven a cabo.<\/div>\n<div>Equipos con gran potencial humano y profesional, que nos permiten ir creciendo en nuestra labor diaria.<\/div>\n<p>[\/et_pb_testimonial][\/et_pb_column][\/et_pb_row][et_pb_row column_structure=\u00bb1_2,1_2&#8243; module_class=\u00bbpagina-texto\u00bb _builder_version=\u00bb4.16&#8243; background_size=\u00bbinitial\u00bb background_position=\u00bbtop_left\u00bb background_repeat=\u00bbrepeat\u00bb custom_margin=\u00bb|||\u00bb custom_padding=\u00bb|||\u00bb global_colors_info=\u00bb{}\u00bb][et_pb_column type=\u00bb1_2&#8243; _builder_version=\u00bb4.16&#8243; custom_padding=\u00bb|||\u00bb global_colors_info=\u00bb{}\u00bb custom_padding__hover=\u00bb|||\u00bb][et_pb_text _builder_version=\u00bb4.16&#8243; background_size=\u00bbinitial\u00bb background_position=\u00bbtop_left\u00bb background_repeat=\u00bbrepeat\u00bb global_colors_info=\u00bb{}\u00bb]<\/p>\n<h1>Equipo Directivo<\/h1>\n<p>[\/et_pb_text][et_pb_text _builder_version=\u00bb4.22.2&#8243; global_colors_info=\u00bb{}\u00bb]<\/p>\n<p>El\u00a0<strong>Equipo Directivo<\/strong>\u00a0es el \u00f3rgano de gesti\u00f3n del Colegio y su misi\u00f3n es favorecer el funcionamiento ordinario e impulsar la acci\u00f3n educativa global.<\/p>\n<p>Est\u00e1 formado por:<\/p>\n<ul>\n<li>Ana Bel\u00e9n Mart\u00edn Ponce &#8211; Directora del colegio.<\/li>\n<li>Bernab\u00e9 Arjona Ca\u00f1as &#8211; Director titular.<\/li>\n<li>Herminia Cruz Gonz\u00e1lez &#8211; Secretaria.<\/li>\n<li>Tom\u00e1s Sanch\u00eds &#8211; Administrador.<\/li>\n<li>Los jefes de estudios de cada etapa.\n<ul>\n<li>Rosario de Paula Perdomo Duque (Infantil)<\/li>\n<li>Jos\u00e9 Manuel Lorenzo L\u00f3pez (Primaria)<\/li>\n<li>Jos\u00e9 Carlos Izquierdo Padilla (Secundaria)<\/li>\n<\/ul>\n<\/li>\n<li>Jon\u00e1s \u00c1lvarez Rodr\u00edguez &#8211; Coordinador de pastoral.<\/li>\n<li>Pablo Hern\u00e1ndez Hern\u00e1ndez &#8211; Coordinador de calidad.<\/li>\n<\/ul>\n<p>[\/et_pb_text][et_pb_image src=\u00bbhttps:\/\/laorotava.salesianos.edu\/colegio\/wp-content\/uploads\/sites\/2\/2024\/11\/EQ-DIR-scaled.jpg\u00bb title_text=\u00bbEquipo directivo Salesianos La Orotava\u00bb _builder_version=\u00bb4.27.3&#8243; _module_preset=\u00bbdefault\u00bb box_shadow_style=\u00bbpreset1&#8243; global_colors_info=\u00bb{}\u00bb][\/et_pb_image][\/et_pb_column][et_pb_column type=\u00bb1_2&#8243; _builder_version=\u00bb4.16&#8243; custom_padding=\u00bb|||\u00bb global_colors_info=\u00bb{}\u00bb custom_padding__hover=\u00bb|||\u00bb][et_pb_text _builder_version=\u00bb4.16&#8243; background_size=\u00bbinitial\u00bb background_position=\u00bbtop_left\u00bb background_repeat=\u00bbrepeat\u00bb global_colors_info=\u00bb{}\u00bb]<\/p>\n<h1>Claustro de profesores<\/h1>\n<p>[\/et_pb_text][et_pb_text _builder_version=\u00bb4.22.2&#8243; global_colors_info=\u00bb{}\u00bb]<\/p>\n<p style=\"text-align: justify;\">El\u00a0<strong>claustro de profesores<\/strong>\u00a0es el \u00f3rgano propio de participaci\u00f3n del profesorado del Colegio. Forman parte del mismo todos los profesores de ense\u00f1anzas curriculares del centro junto con los orientadores.<\/p>\n<p>Nuestro centro tiene tres etapas educativas y el n\u00famero de profesores por etapa es el siguiente:<\/p>\n<ul>\n<li>Etapa de Infantil: 13 profesores.<\/li>\n<li>Etapa de Primaria: 24 profesores.<\/li>\n<li>Etapas de Secundaria: 22 profesores.<\/li>\n<\/ul>\n<p>&nbsp;<\/p>\n<p>[\/et_pb_text][et_pb_image src=\u00bbhttps:\/\/laorotava.salesianos.edu\/colegio\/wp-content\/uploads\/sites\/2\/2024\/11\/CLAUTRO-24-25-Salesianos-La-Orotava-scaled.jpg\u00bb title_text=\u00bbCLAUTRO 24-25 Salesianos La Orotava\u00bb _builder_version=\u00bb4.27.3&#8243; _module_preset=\u00bbdefault\u00bb box_shadow_style=\u00bbpreset1&#8243; global_colors_info=\u00bb{}\u00bb][\/et_pb_image][\/et_pb_column][\/et_pb_row][et_pb_row disabled_on=\u00bbon|on|on\u00bb module_class=\u00bbpagina-texto\u00bb _builder_version=\u00bb4.16&#8243; background_size=\u00bbinitial\u00bb background_position=\u00bbtop_left\u00bb background_repeat=\u00bbrepeat\u00bb custom_margin=\u00bb|||\u00bb custom_padding=\u00bb25.515625px|0px|11px|0px\u00bb disabled=\u00bbon\u00bb global_colors_info=\u00bb{}\u00bb][et_pb_column type=\u00bb4_4&#8243; _builder_version=\u00bb4.16&#8243; custom_padding=\u00bb|||\u00bb global_colors_info=\u00bb{}\u00bb custom_padding__hover=\u00bb|||\u00bb][et_pb_text _builder_version=\u00bb4.16&#8243; background_size=\u00bbinitial\u00bb background_position=\u00bbtop_left\u00bb background_repeat=\u00bbrepeat\u00bb global_colors_info=\u00bb{}\u00bb]<\/p>\n<h1>Claustro de profesores<\/h1>\n<p>[\/et_pb_text][et_pb_text _builder_version=\u00bb4.16&#8243; background_size=\u00bbinitial\u00bb background_position=\u00bbtop_left\u00bb background_repeat=\u00bbrepeat\u00bb global_colors_info=\u00bb{}\u00bb]<\/p>\n<h1>Claustro de profesores<\/h1>\n<p>[\/et_pb_text][\/et_pb_column][\/et_pb_row][et_pb_row disabled_on=\u00bbon|on|on\u00bb module_class=\u00bbpagina-texto\u00bb _builder_version=\u00bb4.16&#8243; background_size=\u00bbinitial\u00bb background_position=\u00bbtop_left\u00bb background_repeat=\u00bbrepeat\u00bb custom_margin=\u00bb|||\u00bb custom_padding=\u00bb0px|0px|25.515625px|0px\u00bb disabled=\u00bbon\u00bb global_colors_info=\u00bb{}\u00bb][et_pb_column type=\u00bb4_4&#8243; _builder_version=\u00bb4.16&#8243; custom_padding=\u00bb|||\u00bb global_colors_info=\u00bb{}\u00bb custom_padding__hover=\u00bb|||\u00bb][et_pb_image src=\u00bbhttps:\/\/laorotava.salesianos.edu\/colegio\/wp-content\/uploads\/sites\/2\/2019\/11\/Claustro-Salesianos-La-Orotava-19-20.jpeg\u00bb align_tablet=\u00bbcenter\u00bb align_phone=\u00bb\u00bb align_last_edited=\u00bbon|desktop\u00bb _builder_version=\u00bb4.16&#8243; global_colors_info=\u00bb{}\u00bb]&nbsp;<br \/>\n[\/et_pb_image][\/et_pb_column][\/et_pb_row][et_pb_row column_structure=\u00bb1_2,1_2&#8243; module_class=\u00bbpagina-texto\u00bb _builder_version=\u00bb4.16&#8243; background_size=\u00bbinitial\u00bb background_position=\u00bbtop_left\u00bb background_repeat=\u00bbrepeat\u00bb custom_margin=\u00bb|||\u00bb custom_padding=\u00bb|||\u00bb global_colors_info=\u00bb{}\u00bb][et_pb_column type=\u00bb1_2&#8243; _builder_version=\u00bb4.16&#8243; custom_padding=\u00bb|||\u00bb global_colors_info=\u00bb{}\u00bb custom_padding__hover=\u00bb|||\u00bb][et_pb_text _builder_version=\u00bb4.16&#8243; background_size=\u00bbinitial\u00bb background_position=\u00bbtop_left\u00bb background_repeat=\u00bbrepeat\u00bb global_colors_info=\u00bb{}\u00bb]<\/p>\n<h1>Departamento de orientaci\u00f3n<\/h1>\n<p>[\/et_pb_text][et_pb_text _builder_version=\u00bb4.22.2&#8243; border_style=\u00bbsolid\u00bb global_colors_info=\u00bb{}\u00bb]<\/p>\n<p style=\"text-align: justify;\">El\u00a0<strong>Departamento de orientaci\u00f3n\u00a0<\/strong>es el responsable de promover y coordinar la atenci\u00f3n a la diversidad, la orientaci\u00f3n personal, acad\u00e9mico-profesional y vocacional de los alumnos, impulsar la acci\u00f3n tutorial, colaborar con el profesorado en el asesoramiento sobre los procesos de ense\u00f1anza-aprendizaje y su formaci\u00f3n. Tambi\u00e9n juega un papel muy importante en el asesoramiento a las familias.<\/p>\n<p style=\"text-align: justify;\">El Equipo de Orientaci\u00f3n est\u00e1 integrado por los siguientes miembros:<\/p>\n<ul style=\"text-align: justify;\">\n<li>La orientadora, jefa del Departamento de Orientaci\u00f3n (psicopedagoga y maestra de primaria).<\/li>\n<li>Profesora de apoyo a las NEAE en Infantil (psic\u00f3loga, maestra y m\u00e1ster en NEAE y atenci\u00f3n temprana)<\/li>\n<li>Profesora de apoyo a las NEAE en Primaria (pedagoga, maestra y m\u00e1ster en audici\u00f3n y lenguaje).<\/li>\n<li>Profesora de apoyo a las NEAE en Secundaria (Psicopedagoga y maestra).<\/li>\n<li>Coordinadora de la etapa de Infantil y maestra.<\/li>\n<\/ul>\n<p>[\/et_pb_text][\/et_pb_column][et_pb_column type=\u00bb1_2&#8243; _builder_version=\u00bb4.16&#8243; custom_padding=\u00bb|||\u00bb global_colors_info=\u00bb{}\u00bb custom_padding__hover=\u00bb|||\u00bb][et_pb_text _builder_version=\u00bb4.16&#8243; background_size=\u00bbinitial\u00bb background_position=\u00bbtop_left\u00bb background_repeat=\u00bbrepeat\u00bb global_colors_info=\u00bb{}\u00bb]<\/p>\n<h1>Personal de administraci\u00f3n y servicios<\/h1>\n<p>[\/et_pb_text][et_pb_text _builder_version=\u00bb4.16&#8243; border_style=\u00bbsolid\u00bb global_colors_info=\u00bb{}\u00bb]<\/p>\n<p style=\"text-align: justify;\">El\u00a0<strong>personal de administraci\u00f3n y servicios (PAS)\u00a0<\/strong>son los encargados de atender a todas aquellas personas que requieren nuestros servicios de secretar\u00eda, administraci\u00f3n, porter\u00eda, limpieza y mantenimiento.<\/p>\n<p>[\/et_pb_text][\/et_pb_column][\/et_pb_row][\/et_pb_section]<\/p>\n<!-- AddThis Advanced Settings generic via filter on the_content --><!-- AddThis Share Buttons generic via filter on the_content -->","protected":false},"excerpt":{"rendered":"<p>Bienvenidos\/as, Mi nombre es Ana Bel\u00e9n Mart\u00edn Ponce y soy la Directora de Centro del Colegio San Isidro Salesianos de La Orotava. Simplemente, quiero mostrarles a los Equipos que hacen posible que los Proyectos que planteamos, se lleven a cabo. Equipos con gran potencial humano y profesional, que nos permiten ir creciendo en nuestra labor [&hellip;]<\/p>\n<p><!-- AddThis Advanced Settings generic via filter on get_the_excerpt --><!-- AddThis Share Buttons generic via filter on get_the_excerpt --><\/p>\n","protected":false},"author":3,"featured_media":0,"parent":0,"menu_order":0,"comment_status":"closed","ping_status":"closed","template":"","meta":{"_et_pb_use_builder":"on","_et_pb_old_content":"","_et_gb_content_width":"","footnotes":""},"class_list":["post-4700","page","type-page","status-publish","hentry"],"yoast_head":"<!-- This site is optimized with the Yoast SEO plugin v27.4 - https:\/\/yoast.com\/product\/yoast-seo-wordpress\/ -->\n<title>Personal - Colegio Salesiano San Isidro<\/title>\n<meta name=\"robots\" content=\"index, follow, max-snippet:-1, max-image-preview:large, max-video-preview:-1\" \/>\n<link rel=\"canonical\" href=\"https:\/\/laorotava.salesianos.edu\/colegio\/personal\/\" \/>\n<meta property=\"og:locale\" content=\"es_ES\" \/>\n<meta property=\"og:type\" content=\"article\" \/>\n<meta property=\"og:title\" content=\"Personal - Colegio Salesiano San Isidro\" \/>\n<meta property=\"og:description\" content=\"Bienvenidos\/as, Mi nombre es Ana Bel\u00e9n Mart\u00edn Ponce y soy la Directora de Centro del Colegio San Isidro Salesianos de La Orotava. Simplemente, quiero mostrarles a los Equipos que hacen posible que los Proyectos que planteamos, se lleven a cabo. Equipos con gran potencial humano y profesional, que nos permiten ir creciendo en nuestra labor [&hellip;]\" \/>\n<meta property=\"og:url\" content=\"https:\/\/laorotava.salesianos.edu\/colegio\/personal\/\" \/>\n<meta property=\"og:site_name\" content=\"Colegio Salesiano San Isidro\" \/>\n<meta property=\"article:modified_time\" content=\"2025-08-25T06:25:07+00:00\" \/>\n<meta name=\"twitter:card\" content=\"summary_large_image\" \/>\n<meta name=\"twitter:label1\" content=\"Tiempo de lectura\" \/>\n\t<meta name=\"twitter:data1\" content=\"3 minutos\" \/>\n<script type=\"application\/ld+json\" class=\"yoast-schema-graph\">{\"@context\":\"https:\\\/\\\/schema.org\",\"@graph\":[{\"@type\":\"WebPage\",\"@id\":\"https:\\\/\\\/laorotava.salesianos.edu\\\/colegio\\\/personal\\\/\",\"url\":\"https:\\\/\\\/laorotava.salesianos.edu\\\/colegio\\\/personal\\\/\",\"name\":\"Personal - Colegio Salesiano San Isidro\",\"isPartOf\":{\"@id\":\"https:\\\/\\\/laorotava.salesianos.edu\\\/colegio\\\/#website\"},\"datePublished\":\"2017-10-30T23:12:58+00:00\",\"dateModified\":\"2025-08-25T06:25:07+00:00\",\"breadcrumb\":{\"@id\":\"https:\\\/\\\/laorotava.salesianos.edu\\\/colegio\\\/personal\\\/#breadcrumb\"},\"inLanguage\":\"es\",\"potentialAction\":[{\"@type\":\"ReadAction\",\"target\":[\"https:\\\/\\\/laorotava.salesianos.edu\\\/colegio\\\/personal\\\/\"]}]},{\"@type\":\"BreadcrumbList\",\"@id\":\"https:\\\/\\\/laorotava.salesianos.edu\\\/colegio\\\/personal\\\/#breadcrumb\",\"itemListElement\":[{\"@type\":\"ListItem\",\"position\":1,\"name\":\"Portada\",\"item\":\"https:\\\/\\\/laorotava.salesianos.edu\\\/colegio\\\/\"},{\"@type\":\"ListItem\",\"position\":2,\"name\":\"Personal\"}]},{\"@type\":\"WebSite\",\"@id\":\"https:\\\/\\\/laorotava.salesianos.edu\\\/colegio\\\/#website\",\"url\":\"https:\\\/\\\/laorotava.salesianos.edu\\\/colegio\\\/\",\"name\":\"Colegio Salesiano San Isidro\",\"description\":\"P\u00e1gina oficial Colegio Salesiano San Isidro\",\"potentialAction\":[{\"@type\":\"SearchAction\",\"target\":{\"@type\":\"EntryPoint\",\"urlTemplate\":\"https:\\\/\\\/laorotava.salesianos.edu\\\/colegio\\\/?s={search_term_string}\"},\"query-input\":{\"@type\":\"PropertyValueSpecification\",\"valueRequired\":true,\"valueName\":\"search_term_string\"}}],\"inLanguage\":\"es\"}]}<\/script>\n<!-- \/ Yoast SEO plugin. -->","yoast_head_json":{"title":"Personal - Colegio Salesiano San Isidro","robots":{"index":"index","follow":"follow","max-snippet":"max-snippet:-1","max-image-preview":"max-image-preview:large","max-video-preview":"max-video-preview:-1"},"canonical":"https:\/\/laorotava.salesianos.edu\/colegio\/personal\/","og_locale":"es_ES","og_type":"article","og_title":"Personal - Colegio Salesiano San Isidro","og_description":"Bienvenidos\/as, Mi nombre es Ana Bel\u00e9n Mart\u00edn Ponce y soy la Directora de Centro del Colegio San Isidro Salesianos de La Orotava. Simplemente, quiero mostrarles a los Equipos que hacen posible que los Proyectos que planteamos, se lleven a cabo. Equipos con gran potencial humano y profesional, que nos permiten ir creciendo en nuestra labor [&hellip;]","og_url":"https:\/\/laorotava.salesianos.edu\/colegio\/personal\/","og_site_name":"Colegio Salesiano San Isidro","article_modified_time":"2025-08-25T06:25:07+00:00","twitter_card":"summary_large_image","twitter_misc":{"Tiempo de lectura":"3 minutos"},"schema":{"@context":"https:\/\/schema.org","@graph":[{"@type":"WebPage","@id":"https:\/\/laorotava.salesianos.edu\/colegio\/personal\/","url":"https:\/\/laorotava.salesianos.edu\/colegio\/personal\/","name":"Personal - Colegio Salesiano San Isidro","isPartOf":{"@id":"https:\/\/laorotava.salesianos.edu\/colegio\/#website"},"datePublished":"2017-10-30T23:12:58+00:00","dateModified":"2025-08-25T06:25:07+00:00","breadcrumb":{"@id":"https:\/\/laorotava.salesianos.edu\/colegio\/personal\/#breadcrumb"},"inLanguage":"es","potentialAction":[{"@type":"ReadAction","target":["https:\/\/laorotava.salesianos.edu\/colegio\/personal\/"]}]},{"@type":"BreadcrumbList","@id":"https:\/\/laorotava.salesianos.edu\/colegio\/personal\/#breadcrumb","itemListElement":[{"@type":"ListItem","position":1,"name":"Portada","item":"https:\/\/laorotava.salesianos.edu\/colegio\/"},{"@type":"ListItem","position":2,"name":"Personal"}]},{"@type":"WebSite","@id":"https:\/\/laorotava.salesianos.edu\/colegio\/#website","url":"https:\/\/laorotava.salesianos.edu\/colegio\/","name":"Colegio Salesiano San Isidro","description":"P\u00e1gina oficial Colegio Salesiano San Isidro","potentialAction":[{"@type":"SearchAction","target":{"@type":"EntryPoint","urlTemplate":"https:\/\/laorotava.salesianos.edu\/colegio\/?s={search_term_string}"},"query-input":{"@type":"PropertyValueSpecification","valueRequired":true,"valueName":"search_term_string"}}],"inLanguage":"es"}]}},"_links":{"self":[{"href":"https:\/\/laorotava.salesianos.edu\/colegio\/wp-json\/wp\/v2\/pages\/4700","targetHints":{"allow":["GET"]}}],"collection":[{"href":"https:\/\/laorotava.salesianos.edu\/colegio\/wp-json\/wp\/v2\/pages"}],"about":[{"href":"https:\/\/laorotava.salesianos.edu\/colegio\/wp-json\/wp\/v2\/types\/page"}],"author":[{"embeddable":true,"href":"https:\/\/laorotava.salesianos.edu\/colegio\/wp-json\/wp\/v2\/users\/3"}],"replies":[{"embeddable":true,"href":"https:\/\/laorotava.salesianos.edu\/colegio\/wp-json\/wp\/v2\/comments?post=4700"}],"version-history":[{"count":38,"href":"https:\/\/laorotava.salesianos.edu\/colegio\/wp-json\/wp\/v2\/pages\/4700\/revisions"}],"predecessor-version":[{"id":10475,"href":"https:\/\/laorotava.salesianos.edu\/colegio\/wp-json\/wp\/v2\/pages\/4700\/revisions\/10475"}],"wp:attachment":[{"href":"https:\/\/laorotava.salesianos.edu\/colegio\/wp-json\/wp\/v2\/media?parent=4700"}],"curies":[{"name":"wp","href":"https:\/\/api.w.org\/{rel}","templated":true}]}}