{"id":2676,"date":"2017-10-19T11:15:12","date_gmt":"2017-10-19T11:15:12","guid":{"rendered":"https:\/\/laorotava.salesianos.edu\/colegio\/?page_id=2676"},"modified":"2025-08-25T06:25:08","modified_gmt":"2025-08-25T06:25:08","slug":"sistema-preventivo","status":"publish","type":"page","link":"https:\/\/laorotava.salesianos.edu\/colegio\/sistema-preventivo\/","title":{"rendered":"Sistema Preventivo"},"content":{"rendered":"<div id=\"fb-root\"><\/div>\n<p>[et_pb_section bb_built=\u00bb1&#8243; fullwidth=\u00bbon\u00bb specialty=\u00bboff\u00bb][et_pb_fullwidth_header title=\u00bbSistema Preventivo\u00bb background_layout=\u00bblight\u00bb text_orientation=\u00bbleft\u00bb header_fullscreen=\u00bboff\u00bb header_scroll_down=\u00bboff\u00bb background_url=\u00bbhttp:\/\/webpiloto.salesianos.edu\/wp-content\/uploads\/2017\/02\/ImagenPAGINA01.png\u00bb content_orientation=\u00bbcenter\u00bb image_orientation=\u00bbcenter\u00bb title_font_color=\u00bb#ffffff\u00bb custom_button_one=\u00bboff\u00bb button_one_icon_placement=\u00bbright\u00bb custom_button_two=\u00bboff\u00bb button_two_icon_placement=\u00bbright\u00bb module_class=\u00bbpagina-imagen-cabecera\u00bb title_font_size=\u00bb40px\u00bb _builder_version=\u00bb3.0.89&#8243; background_image=\u00bbhttp:\/\/1.bp.blogspot.com\/-03AjglOKuw8\/UxaVaAlhpaI\/AAAAAAAAACo\/zFg4HsCUjMo\/s1600\/2014012805.jpg\u00bb title_text_color=\u00bb#ffffff\u00bb \/][\/et_pb_section][et_pb_section bb_built=\u00bb1&#8243; fullwidth=\u00bboff\u00bb specialty=\u00bboff\u00bb transparent_background=\u00bboff\u00bb allow_player_pause=\u00bboff\u00bb inner_shadow=\u00bboff\u00bb parallax=\u00bboff\u00bb parallax_method=\u00bboff\u00bb custom_padding=\u00bb-4%|||\u00bb make_fullwidth=\u00bboff\u00bb use_custom_width=\u00bboff\u00bb width_unit=\u00bbon\u00bb make_equal=\u00bboff\u00bb use_custom_gutter=\u00bboff\u00bb module_class=\u00bbpagina-seccion-contenido\u00bb][et_pb_row make_fullwidth=\u00bboff\u00bb use_custom_width=\u00bboff\u00bb width_unit=\u00bbon\u00bb use_custom_gutter=\u00bboff\u00bb allow_player_pause=\u00bboff\u00bb parallax=\u00bboff\u00bb parallax_method=\u00bboff\u00bb make_equal=\u00bboff\u00bb parallax_1=\u00bboff\u00bb parallax_method_1=\u00bboff\u00bb module_class=\u00bbpagina-texto\u00bb background_position=\u00bbtop_left\u00bb background_repeat=\u00bbrepeat\u00bb background_size=\u00bbinitial\u00bb][et_pb_column type=\u00bb4_4&#8243;][et_pb_text background_layout=\u00bblight\u00bb use_border_color=\u00bboff\u00bb border_color=\u00bb#ffffff\u00bb border_style=\u00bbsolid\u00bb background_position=\u00bbtop_left\u00bb background_repeat=\u00bbrepeat\u00bb background_size=\u00bbinitial\u00bb _builder_version=\u00bb3.0.89&#8243; border_color_all=\u00bb#ffffff\u00bb]<\/p>\n<h2>\u00bfQu\u00e9 es el sistema preventivo?<\/h2>\n<p>Algunos elementos descritos por Don Bosco de su sistema preventivo son los siguientes:<\/p>\n<ul>\n<li>El adulto debe ser una persona de vocaci\u00f3n educativa.<\/li>\n<li>El joven nunca debe estar solo, sino sentirse siempre acompa\u00f1ado. La\u00a0asistencia salesiana\u00a0no es vigilancia o guardia de chicos, sino una presencia formativa y constructiva.<\/li>\n<li>Las actividades l\u00fadicas, recreativas, deportivas y art\u00edsticas son esenciales en la formaci\u00f3n del joven.<\/li>\n<li>La pr\u00e1ctica de piedad y la fidelidad a la propia religi\u00f3n y fe.<\/li>\n<li>El ambiente educativo debe ser cuidadosamente examinado de manera tal que se evite el ingreso de elementos nocivos para la formaci\u00f3n moral y humana del joven. Don Bosco insist\u00eda en la elecci\u00f3n de \u00abbuenas compa\u00f1\u00edas\u00bb, as\u00ed como la selecci\u00f3n de buenas lecturas y otras cosas.<\/li>\n<li>Las\u00a0<i>Buenas Noches<\/i>\u00a0o su correlativa\u00a0<i>Buenos D\u00edas<\/i>\u00a0significan una reflexi\u00f3n de lo que pasa en la cotidianidad de la escuela y de las moralejas que de ello podr\u00eda nutrirse toda la comunidad educativa. Y anotaba Don Bosco: \u00ab<i>Aqu\u00ed est\u00e1 la clave de la moralidad y de la buena marcha y \u00e9xito de la educaci\u00f3n<\/i>\u00ab.<\/li>\n<\/ul>\n<p>Don Bosco resalta las consecuencias del sistema preventivo dentro de la educaci\u00f3n del joven: el alumno ganar\u00e1 afecto por el adulto-educador-formador porque lo considerar\u00e1, m\u00e1s que un\u00a0<i>cuidador<\/i>, un\u00a0<i>Padre<\/i>\u00a0y un\u00a0<i>Maestro<\/i>\u00a0en el sentido m\u00e1s profundo del t\u00e9rmino. As\u00ed resumir\u00eda: <strong>\u00ab<i>Procure el educador hacerse amar de los alumnos si quiere hacerse temer<\/i>\u00ab<\/strong>. Todo ni\u00f1o, incluso el m\u00e1s d\u00edscolo, violento o indisciplinado, tiene siempre una esperanza, y dentro del SPS este encontrar\u00e1 un espacio para cambiar, no por medio de la represi\u00f3n y los castigos f\u00edsicos, sino del di\u00e1logo y el sentimiento de formar parte de una gran familia educativa.<\/p>\n<p>Por otra parte, Don Bosco insiste en que los alumnos deben conocer muy bien los reglamentos y comprenderlos como parte de su caminar formativo. La norma no debe ser una sorpresa para el joven.<\/p>\n<p>[\/et_pb_text][\/et_pb_column][\/et_pb_row][et_pb_row custom_padding=\u00bb23px|0px|25.890625px|0px\u00bb _builder_version=\u00bb3.0.64&#8243;][et_pb_column type=\u00bb1_3&#8243;][et_pb_cta title=\u00bbRaz\u00f3n\u00bb background_color=\u00bbrgba(220,0,27,0)\u00bb _builder_version=\u00bb3.0.75&#8243; header_font=\u00bbAmatic SC||||\u00bb header_font_size=\u00bb65px\u00bb use_background_color_gradient=\u00bbon\u00bb background_color_gradient_end=\u00bb#24b4bf\u00bb background_image=\u00bbhttps:\/\/alicante.salesianos.edu\/colegio\/wp-content\/uploads\/sites\/2\/2017\/07\/quimica-papel-y-tinta-que-causa-el-olor-a-libro-viejo-o-nuevo.jpg\u00bb background_blend=\u00bbsoft-light\u00bb]<\/p>\n<p>1. Acento en la racionalidad. Ya no valen los \u201cporque s\u00ed\u201d Hay razones para las cosas y los j\u00f3venes deben conocerlas y racionalizarlas.<\/p>\n<p>2. Valoraci\u00f3n de la justicia. Las razones de los dem\u00e1s tambi\u00e9n deben ser aceptadas.<\/p>\n<p>3. Apoyo a la sensatez. Todo debe ser factible. No deben pon\u00e9rseles metas inalcanzables. Personalizaci\u00f3n de la educaci\u00f3n.<\/p>\n<p>4.\u00a0Invitaci\u00f3n al esfuerzo y al compromiso<\/p>\n<p>[\/et_pb_cta][\/et_pb_column][et_pb_column type=\u00bb1_3&#8243;][et_pb_cta title=\u00bbAmor\u00bb background_color=\u00bbrgba(220,0,27,0)\u00bb _builder_version=\u00bb3.0.75&#8243; header_font=\u00bbAmatic SC||||\u00bb header_font_size=\u00bb65px\u00bb use_background_color_gradient=\u00bbon\u00bb background_color_gradient_start=\u00bb#ff265c\u00bb background_color_gradient_end=\u00bb#ff359d\u00bb background_image=\u00bbhttps:\/\/alicante.salesianos.edu\/colegio\/wp-content\/uploads\/sites\/2\/2017\/07\/Screen-Shot-2017-07-14-at-19.29.57.png\u00bb background_blend=\u00bbsoft-light\u00bb]<\/p>\n<p>1. Consejo de Don Bosco: \u201cProcura hacerte Amar, \u00a0evita hacerte temer\u201d. El educador salesiano tiene m\u00e1s de voluntario por Amor que de funcionario cumplidor.<\/p>\n<p>2. Si hay preferencia es por quien tiene mayor necesidad. El ego\u00edsta tiene dificultades para amar a los dem\u00e1s. El aut\u00e9ntico objeto del Amor es el otro.<\/p>\n<p>4. Los j\u00f3venes no s\u00f3lo deben ser amados, sino que deben saber que son amados. El aut\u00e9ntico amor inspira la confianza.<\/p>\n<p>[\/et_pb_cta][\/et_pb_column][et_pb_column type=\u00bb1_3&#8243;][et_pb_cta title=\u00bbReligi\u00f3n\u00bb background_color=\u00bbrgba(220,0,27,0)\u00bb _builder_version=\u00bb3.0.75&#8243; header_font=\u00bbAmatic SC||||\u00bb header_font_size=\u00bb65px\u00bb use_background_color_gradient=\u00bbon\u00bb background_color_gradient_start=\u00bb#4217ed\u00bb background_color_gradient_end=\u00bb#c431f9&#8243; background_image=\u00bbhttps:\/\/alicante.salesianos.edu\/colegio\/wp-content\/uploads\/sites\/2\/2017\/07\/Realiza2_CNBB.jpg\u00bb background_blend=\u00bbsoft-light\u00bb]<\/p>\n<p>1. Tener en cuenta el contexto. Hoy el contexto ha cambiado.<\/p>\n<p>2.\u00a0Entre religi\u00f3n y pr\u00e1ctica religiosa hay diferencias. Las pr\u00e1cticas religiosas es un instrumento.<\/p>\n<p>3. Importancia de la instrucci\u00f3n religiosa.<\/p>\n<p>4. No podemos concebir la religi\u00f3n como se concibi\u00f3 en aquellos tiempo<\/p>\n<p>[\/et_pb_cta][\/et_pb_column][\/et_pb_row][\/et_pb_section]<\/p>\n<!-- AddThis Advanced Settings generic via filter on the_content --><!-- AddThis Share Buttons generic via filter on the_content -->","protected":false},"excerpt":{"rendered":"<p>\u00bfQu\u00e9 es el sistema preventivo? Algunos elementos descritos por Don Bosco de su sistema preventivo son los siguientes: El adulto debe ser una persona de vocaci\u00f3n educativa. El joven nunca debe estar solo, sino sentirse siempre acompa\u00f1ado. La\u00a0asistencia salesiana\u00a0no es vigilancia o guardia de chicos, sino una presencia formativa y constructiva. Las actividades l\u00fadicas, recreativas, [&hellip;]<\/p>\n<p><!-- AddThis Advanced Settings generic via filter on get_the_excerpt --><!-- AddThis Share Buttons generic via filter on get_the_excerpt --><\/p>\n","protected":false},"author":3,"featured_media":0,"parent":0,"menu_order":0,"comment_status":"closed","ping_status":"closed","template":"","meta":{"_et_pb_use_builder":"on","_et_pb_old_content":"","_et_gb_content_width":"","footnotes":""},"class_list":["post-2676","page","type-page","status-publish","hentry"],"yoast_head":"<!-- This site is optimized with the Yoast SEO plugin v27.4 - https:\/\/yoast.com\/product\/yoast-seo-wordpress\/ -->\n<title>Sistema Preventivo - Colegio Salesiano San Isidro<\/title>\n<meta name=\"robots\" content=\"index, follow, max-snippet:-1, max-image-preview:large, max-video-preview:-1\" \/>\n<link rel=\"canonical\" href=\"https:\/\/laorotava.salesianos.edu\/colegio\/sistema-preventivo\/\" \/>\n<meta property=\"og:locale\" content=\"es_ES\" \/>\n<meta property=\"og:type\" content=\"article\" \/>\n<meta property=\"og:title\" content=\"Sistema Preventivo - Colegio Salesiano San Isidro\" \/>\n<meta property=\"og:description\" content=\"\u00bfQu\u00e9 es el sistema preventivo? Algunos elementos descritos por Don Bosco de su sistema preventivo son los siguientes: El adulto debe ser una persona de vocaci\u00f3n educativa. El joven nunca debe estar solo, sino sentirse siempre acompa\u00f1ado. La\u00a0asistencia salesiana\u00a0no es vigilancia o guardia de chicos, sino una presencia formativa y constructiva. Las actividades l\u00fadicas, recreativas, [&hellip;]\" \/>\n<meta property=\"og:url\" content=\"https:\/\/laorotava.salesianos.edu\/colegio\/sistema-preventivo\/\" \/>\n<meta property=\"og:site_name\" content=\"Colegio Salesiano San Isidro\" \/>\n<meta property=\"article:modified_time\" content=\"2025-08-25T06:25:08+00:00\" \/>\n<meta name=\"twitter:card\" content=\"summary_large_image\" \/>\n<meta name=\"twitter:label1\" content=\"Tiempo de lectura\" \/>\n\t<meta name=\"twitter:data1\" content=\"5 minutos\" \/>\n<script type=\"application\/ld+json\" class=\"yoast-schema-graph\">{\"@context\":\"https:\\\/\\\/schema.org\",\"@graph\":[{\"@type\":\"WebPage\",\"@id\":\"https:\\\/\\\/laorotava.salesianos.edu\\\/colegio\\\/sistema-preventivo\\\/\",\"url\":\"https:\\\/\\\/laorotava.salesianos.edu\\\/colegio\\\/sistema-preventivo\\\/\",\"name\":\"Sistema Preventivo - Colegio Salesiano San Isidro\",\"isPartOf\":{\"@id\":\"https:\\\/\\\/laorotava.salesianos.edu\\\/colegio\\\/#website\"},\"datePublished\":\"2017-10-19T11:15:12+00:00\",\"dateModified\":\"2025-08-25T06:25:08+00:00\",\"breadcrumb\":{\"@id\":\"https:\\\/\\\/laorotava.salesianos.edu\\\/colegio\\\/sistema-preventivo\\\/#breadcrumb\"},\"inLanguage\":\"es\",\"potentialAction\":[{\"@type\":\"ReadAction\",\"target\":[\"https:\\\/\\\/laorotava.salesianos.edu\\\/colegio\\\/sistema-preventivo\\\/\"]}]},{\"@type\":\"BreadcrumbList\",\"@id\":\"https:\\\/\\\/laorotava.salesianos.edu\\\/colegio\\\/sistema-preventivo\\\/#breadcrumb\",\"itemListElement\":[{\"@type\":\"ListItem\",\"position\":1,\"name\":\"Portada\",\"item\":\"https:\\\/\\\/laorotava.salesianos.edu\\\/colegio\\\/\"},{\"@type\":\"ListItem\",\"position\":2,\"name\":\"Sistema Preventivo\"}]},{\"@type\":\"WebSite\",\"@id\":\"https:\\\/\\\/laorotava.salesianos.edu\\\/colegio\\\/#website\",\"url\":\"https:\\\/\\\/laorotava.salesianos.edu\\\/colegio\\\/\",\"name\":\"Colegio Salesiano San Isidro\",\"description\":\"P\u00e1gina oficial Colegio Salesiano San Isidro\",\"potentialAction\":[{\"@type\":\"SearchAction\",\"target\":{\"@type\":\"EntryPoint\",\"urlTemplate\":\"https:\\\/\\\/laorotava.salesianos.edu\\\/colegio\\\/?s={search_term_string}\"},\"query-input\":{\"@type\":\"PropertyValueSpecification\",\"valueRequired\":true,\"valueName\":\"search_term_string\"}}],\"inLanguage\":\"es\"}]}<\/script>\n<!-- \/ Yoast SEO plugin. -->","yoast_head_json":{"title":"Sistema Preventivo - Colegio Salesiano San Isidro","robots":{"index":"index","follow":"follow","max-snippet":"max-snippet:-1","max-image-preview":"max-image-preview:large","max-video-preview":"max-video-preview:-1"},"canonical":"https:\/\/laorotava.salesianos.edu\/colegio\/sistema-preventivo\/","og_locale":"es_ES","og_type":"article","og_title":"Sistema Preventivo - Colegio Salesiano San Isidro","og_description":"\u00bfQu\u00e9 es el sistema preventivo? Algunos elementos descritos por Don Bosco de su sistema preventivo son los siguientes: El adulto debe ser una persona de vocaci\u00f3n educativa. El joven nunca debe estar solo, sino sentirse siempre acompa\u00f1ado. La\u00a0asistencia salesiana\u00a0no es vigilancia o guardia de chicos, sino una presencia formativa y constructiva. Las actividades l\u00fadicas, recreativas, [&hellip;]","og_url":"https:\/\/laorotava.salesianos.edu\/colegio\/sistema-preventivo\/","og_site_name":"Colegio Salesiano San Isidro","article_modified_time":"2025-08-25T06:25:08+00:00","twitter_card":"summary_large_image","twitter_misc":{"Tiempo de lectura":"5 minutos"},"schema":{"@context":"https:\/\/schema.org","@graph":[{"@type":"WebPage","@id":"https:\/\/laorotava.salesianos.edu\/colegio\/sistema-preventivo\/","url":"https:\/\/laorotava.salesianos.edu\/colegio\/sistema-preventivo\/","name":"Sistema Preventivo - Colegio Salesiano San Isidro","isPartOf":{"@id":"https:\/\/laorotava.salesianos.edu\/colegio\/#website"},"datePublished":"2017-10-19T11:15:12+00:00","dateModified":"2025-08-25T06:25:08+00:00","breadcrumb":{"@id":"https:\/\/laorotava.salesianos.edu\/colegio\/sistema-preventivo\/#breadcrumb"},"inLanguage":"es","potentialAction":[{"@type":"ReadAction","target":["https:\/\/laorotava.salesianos.edu\/colegio\/sistema-preventivo\/"]}]},{"@type":"BreadcrumbList","@id":"https:\/\/laorotava.salesianos.edu\/colegio\/sistema-preventivo\/#breadcrumb","itemListElement":[{"@type":"ListItem","position":1,"name":"Portada","item":"https:\/\/laorotava.salesianos.edu\/colegio\/"},{"@type":"ListItem","position":2,"name":"Sistema Preventivo"}]},{"@type":"WebSite","@id":"https:\/\/laorotava.salesianos.edu\/colegio\/#website","url":"https:\/\/laorotava.salesianos.edu\/colegio\/","name":"Colegio Salesiano San Isidro","description":"P\u00e1gina oficial Colegio Salesiano San Isidro","potentialAction":[{"@type":"SearchAction","target":{"@type":"EntryPoint","urlTemplate":"https:\/\/laorotava.salesianos.edu\/colegio\/?s={search_term_string}"},"query-input":{"@type":"PropertyValueSpecification","valueRequired":true,"valueName":"search_term_string"}}],"inLanguage":"es"}]}},"_links":{"self":[{"href":"https:\/\/laorotava.salesianos.edu\/colegio\/wp-json\/wp\/v2\/pages\/2676","targetHints":{"allow":["GET"]}}],"collection":[{"href":"https:\/\/laorotava.salesianos.edu\/colegio\/wp-json\/wp\/v2\/pages"}],"about":[{"href":"https:\/\/laorotava.salesianos.edu\/colegio\/wp-json\/wp\/v2\/types\/page"}],"author":[{"embeddable":true,"href":"https:\/\/laorotava.salesianos.edu\/colegio\/wp-json\/wp\/v2\/users\/3"}],"replies":[{"embeddable":true,"href":"https:\/\/laorotava.salesianos.edu\/colegio\/wp-json\/wp\/v2\/comments?post=2676"}],"version-history":[{"count":5,"href":"https:\/\/laorotava.salesianos.edu\/colegio\/wp-json\/wp\/v2\/pages\/2676\/revisions"}],"predecessor-version":[{"id":7950,"href":"https:\/\/laorotava.salesianos.edu\/colegio\/wp-json\/wp\/v2\/pages\/2676\/revisions\/7950"}],"wp:attachment":[{"href":"https:\/\/laorotava.salesianos.edu\/colegio\/wp-json\/wp\/v2\/media?parent=2676"}],"curies":[{"name":"wp","href":"https:\/\/api.w.org\/{rel}","templated":true}]}}